{"id":1027,"date":"2016-06-08T06:00:30","date_gmt":"2016-06-08T06:00:30","guid":{"rendered":"http:\/\/www.fedetabacofondo.org.co\/home\/?page_id=1027"},"modified":"2016-06-08T22:51:31","modified_gmt":"2016-06-08T22:51:31","slug":"proyectos-2015-fedetabaco","status":"publish","type":"page","link":"http:\/\/www.fedetabacofondo.org.co\/home\/proyectos-2015-fedetabaco\/","title":{"rendered":"Proyectos 2015 \u2013 Fedetabaco"},"content":{"rendered":"<div class=\"su-divider su-divider-style-double\" style=\"margin:25px 0;border-width:6px;border-color:#31c63f\"><\/div>\n<p style=\"text-align: left;\"><strong><a href=\"http:\/\/www.fedetabacofondo.org.co\/home\/wp-content\/uploads\/2016\/06\/FOTO-PARES.png\"><img loading=\"lazy\" decoding=\"async\" class=\"wp-image-1035 alignleft\" src=\"http:\/\/www.fedetabacofondo.org.co\/home\/wp-content\/uploads\/2016\/06\/FOTO-PARES-300x194.png\" alt=\"FEDE-2015-1\" width=\"311\" height=\"202\" srcset=\"http:\/\/www.fedetabacofondo.org.co\/home\/wp-content\/uploads\/2016\/06\/FOTO-PARES-300x194.png 300w, http:\/\/www.fedetabacofondo.org.co\/home\/wp-content\/uploads\/2016\/06\/FOTO-PARES.png 337w\" sizes=\"auto, (max-width: 311px) 100vw, 311px\" \/><\/a>NOMBRE: (PARES)<\/strong>Implementar Proyectos Integrales Fortalecimiento \u00a0de Capacidades Productivas del peque\u00f1o Productor.<\/p>\n<p style=\"text-align: left;\"><span style=\"color: #000000;\"><b>LOCALIZACI\u00d3N:<\/b> Departamento de Santander.<\/span><\/p>\n<p style=\"text-align: left;\"><span style=\"color: #000000;\"><b>FAMILIAS BENEFICIADAS:\u00a0<\/b>2210<\/span><\/p>\n<p style=\"text-align: left;\"><div class=\"su-divider su-divider-style-double\" style=\"margin:25px 0;border-width:6px;border-color:#31c63f\"><\/div>\n<p style=\"text-align: left;\"><strong><a href=\"http:\/\/www.fedetabacofondo.org.co\/home\/wp-content\/uploads\/2016\/06\/cujes-mini1.png\"><img loading=\"lazy\" decoding=\"async\" class=\" wp-image-1160 alignleft\" src=\"http:\/\/www.fedetabacofondo.org.co\/home\/wp-content\/uploads\/2016\/06\/cujes-mini1-300x204.png\" alt=\"cujes mini\" width=\"319\" height=\"218\" srcset=\"http:\/\/www.fedetabacofondo.org.co\/home\/wp-content\/uploads\/2016\/06\/cujes-mini1-300x204.png 300w, http:\/\/www.fedetabacofondo.org.co\/home\/wp-content\/uploads\/2016\/06\/cujes-mini1.png 355w\" sizes=\"auto, (max-width: 319px) 100vw, 319px\" \/><\/a>NOMBRE: \u00a0<\/strong>Apoyo para la \u00a0Implementaci\u00f3n del cambio de cujes\u00a0 de madera por clips sujetadores de \u00a0 Virginia\u00a0 para las familias\u00a0 en los municipios de Capitanejo, Enciso, y Macaravita en el departamento de Santander.<\/p>\n<p style=\"text-align: left;\"><span style=\"color: #000000;\"><b>LOCALIZACI\u00d3N:<\/b> Departamento de Santander.<\/span><\/p>\n<p style=\"text-align: left;\"><span style=\"color: #000000;\"><b>FAMILIAS BENEFICIADAS: 13<\/b><\/span><\/p>\n<p style=\"text-align: left;\"><div class=\"su-divider su-divider-style-double\" style=\"margin:25px 0;border-width:6px;border-color:#31c63f\"><\/div>\n<p><strong><a href=\"http:\/\/www.fedetabacofondo.org.co\/home\/wp-content\/uploads\/2016\/06\/vivienda-gobern.png\"><img loading=\"lazy\" decoding=\"async\" class=\" wp-image-1164 alignleft\" src=\"http:\/\/www.fedetabacofondo.org.co\/home\/wp-content\/uploads\/2016\/06\/vivienda-gobern-300x230.png\" alt=\"vivienda gobern\" width=\"309\" height=\"238\" srcset=\"http:\/\/www.fedetabacofondo.org.co\/home\/wp-content\/uploads\/2016\/06\/vivienda-gobern-300x230.png 300w, http:\/\/www.fedetabacofondo.org.co\/home\/wp-content\/uploads\/2016\/06\/vivienda-gobern.png 370w\" sizes=\"auto, (max-width: 309px) 100vw, 309px\" \/><\/a><\/strong><strong>NOMBRE:\u00a0<\/strong>\u00a0proyecto de inversi\u00f3n denominado apoyo para el Mejoramiento\u00a0 de vivienda\u00a0 urbana y rurales ubicadas en los diferentes municipio del departamento\u00a0 de Santander.<\/p>\n<p><span style=\"color: #000000;\"><b>\u00a0LOCALIZACI\u00d3N:<\/b> Departamento de \u00a0 Santander<\/span><\/p>\n<p><span style=\"color: #000000;\"><b>\u00a0FAMILIAS BENEFICIADAS: <\/b>314<\/span><\/p>\n<div class=\"su-divider su-divider-style-double\" style=\"margin:25px 0;border-width:6px;border-color:#31c63f\"><\/div>\n<p style=\"text-align: left;\"><strong><a href=\"http:\/\/www.fedetabacofondo.org.co\/home\/wp-content\/uploads\/2016\/06\/Granadilla.png\"><img loading=\"lazy\" decoding=\"async\" class=\" wp-image-1163 alignleft\" src=\"http:\/\/www.fedetabacofondo.org.co\/home\/wp-content\/uploads\/2016\/06\/Granadilla-300x198.png\" alt=\"Granadilla\" width=\"312\" height=\"206\" srcset=\"http:\/\/www.fedetabacofondo.org.co\/home\/wp-content\/uploads\/2016\/06\/Granadilla-300x198.png 300w, http:\/\/www.fedetabacofondo.org.co\/home\/wp-content\/uploads\/2016\/06\/Granadilla.png 384w\" sizes=\"auto, (max-width: 312px) 100vw, 312px\" \/><\/a><\/strong><\/p>\n<p style=\"text-align: left;\"><strong>NOMBRE:<\/strong>Apoyo a la producci\u00f3n de granadilla en el municipio de la Paz Santander<\/p>\n<p style=\"text-align: left;\"><span style=\"color: #000000;\"><b>LOCALIZACI\u00d3N:<\/b>\u00a0Municipio la Paz .<\/span><\/p>\n<p style=\"text-align: left;\"><span style=\"color: #000000;\"><b>FAMILIAS BENEFICIADAS: <\/b>18<\/span><\/p>\n<p>&nbsp;<\/p>\n<div class=\"su-divider su-divider-style-double\" style=\"margin:25px 0;border-width:6px;border-color:#31c63f\"><\/div>\n<p style=\"text-align: left;\"><strong><a href=\"http:\/\/www.fedetabacofondo.org.co\/home\/wp-content\/uploads\/2016\/06\/jagueyes-giron2.png\"><img loading=\"lazy\" decoding=\"async\" class=\"size-medium wp-image-1212 alignleft\" src=\"http:\/\/www.fedetabacofondo.org.co\/home\/wp-content\/uploads\/2016\/06\/jagueyes-giron2-300x228.png\" alt=\"jagueyes giron\" width=\"300\" height=\"228\" srcset=\"http:\/\/www.fedetabacofondo.org.co\/home\/wp-content\/uploads\/2016\/06\/jagueyes-giron2-300x228.png 300w, http:\/\/www.fedetabacofondo.org.co\/home\/wp-content\/uploads\/2016\/06\/jagueyes-giron2.png 367w\" sizes=\"auto, (max-width: 300px) 100vw, 300px\" \/><\/a>NOMBRE:\u00a0<\/strong>Apoyo para la construcci\u00f3n de\u00a0 Jag\u00fceyes en el municipio de Gir\u00f3n Santander.<\/p>\n<p style=\"text-align: left;\"><span style=\"color: #000000;\"><b>LOCALIZACI\u00d3N:<\/b>\u00a0Municipio de Gir\u00f3n .<\/span><\/p>\n<p style=\"text-align: left;\"><span style=\"color: #000000;\"><b>FAMILIAS BENEFICIADAS: <\/b>11<\/span><\/p>\n<p>&nbsp;<\/p>\n<div class=\"su-divider su-divider-style-double\" style=\"margin:25px 0;border-width:6px;border-color:#31c63f\"><\/div>\n<p><strong><a href=\"http:\/\/www.fedetabacofondo.org.co\/home\/wp-content\/uploads\/2016\/06\/unidades-baricha.png\"><img loading=\"lazy\" decoding=\"async\" class=\" wp-image-1176 alignleft\" src=\"http:\/\/www.fedetabacofondo.org.co\/home\/wp-content\/uploads\/2016\/06\/unidades-baricha-292x300.png\" alt=\"unidades baricha\" width=\"284\" height=\"293\" srcset=\"http:\/\/www.fedetabacofondo.org.co\/home\/wp-content\/uploads\/2016\/06\/unidades-baricha-292x300.png 292w, http:\/\/www.fedetabacofondo.org.co\/home\/wp-content\/uploads\/2016\/06\/unidades-baricha.png 332w\" sizes=\"auto, (max-width: 284px) 100vw, 284px\" \/><\/a>NOMBRE:\u00a0<\/strong>Apoyo para la construcci\u00f3n de unidades sanitarias\u00a0 para\u00a0 las familias tabacaleras del municipio de Barichara\u00a0 en el departamento de Santander .<\/p>\n<p style=\"text-align: left;\"><span style=\"color: #000000;\"><b>LOCALIZACI\u00d3N:<\/b>\u00a0Municipio de Barichara.<\/span><\/p>\n<p style=\"text-align: left;\"><span style=\"color: #000000;\"><b>FAMILIAS BENEFICIADAS: <\/b>12<\/span><\/p>\n<p>&nbsp;<\/p>\n<p>&nbsp;<\/p>\n<div class=\"su-divider su-divider-style-double\" style=\"margin:25px 0;border-width:6px;border-color:#31c63f\"><\/div>\n<p><strong><a href=\"http:\/\/www.fedetabacofondo.org.co\/home\/wp-content\/uploads\/2016\/06\/cujes-ministeri.png\"><img loading=\"lazy\" decoding=\"async\" class=\" wp-image-1180 alignleft\" src=\"http:\/\/www.fedetabacofondo.org.co\/home\/wp-content\/uploads\/2016\/06\/cujes-ministeri-300x195.png\" alt=\"cujes ministeri\" width=\"292\" height=\"191\" srcset=\"http:\/\/www.fedetabacofondo.org.co\/home\/wp-content\/uploads\/2016\/06\/cujes-ministeri-300x195.png 300w, http:\/\/www.fedetabacofondo.org.co\/home\/wp-content\/uploads\/2016\/06\/cujes-ministeri.png 455w\" sizes=\"auto, (max-width: 292px) 100vw, 292px\" \/><\/a>NOMBRE: <\/strong>Clips sujetadores de madera en el sistema productivo para el curado de tabaco tipo Virginia estufado reemplazando el sistema tradicional realizado en cujes para disminuir las perdida de la hoja por da\u00f1o mec\u00e1nico en los departamento de Santander y Boyac\u00e1.<\/p>\n<p style=\"text-align: left;\"><span style=\"color: #000000;\"><b>LOCALIZACI\u00d3N:<\/b>\u00a0Departamento de Santander.<\/span><\/p>\n<p style=\"text-align: left;\"><span style=\"color: #000000;\"><b>FAMILIAS BENEFICIADAS: <\/b>70<\/span><\/p>\n<div class=\"su-divider su-divider-style-double\" style=\"margin:25px 0;border-width:6px;border-color:#31c63f\"><\/div>\n<p><strong><a href=\"http:\/\/www.fedetabacofondo.org.co\/home\/wp-content\/uploads\/2016\/06\/riego.png\"><img loading=\"lazy\" decoding=\"async\" class=\"wp-image-1184 alignleft\" src=\"http:\/\/www.fedetabacofondo.org.co\/home\/wp-content\/uploads\/2016\/06\/riego-300x187.png\" alt=\"riego\" width=\"315\" height=\"197\" srcset=\"http:\/\/www.fedetabacofondo.org.co\/home\/wp-content\/uploads\/2016\/06\/riego-300x187.png 300w, http:\/\/www.fedetabacofondo.org.co\/home\/wp-content\/uploads\/2016\/06\/riego.png 455w\" sizes=\"auto, (max-width: 315px) 100vw, 315px\" \/><\/a>NOMBRE:<\/strong>Instalaci\u00f3n de sistemas de riego por goteo localizado en el cultivo\u00a0 del tabaco para garantizar niveles de producci\u00f3n, \u00a0en los departamentos de Santander, Boyac\u00e1, Sucre y Bol\u00edvar.<span style=\"color: #000000;\"><b>\u00a0 \u00a0 \u00a0 \u00a0 \u00a0 \u00a0 <\/b><\/span><\/p>\n<p><span style=\"color: #000000;\"><b>LOCALIZACI\u00d3N:<\/b>\u00a0Dptos Santander, Boyaca, Sucre Y Bolivar<\/span><\/p>\n<p><b>FAMILIAS BENEFICIADAS:\u00a0<\/b>81<\/p>\n<div class=\"su-divider su-divider-style-double\" style=\"margin:25px 0;border-width:6px;border-color:#31c63f\"><\/div>\n<p><strong><a href=\"http:\/\/www.fedetabacofondo.org.co\/home\/wp-content\/uploads\/2016\/06\/reacti-tabaco1.png\"><img loading=\"lazy\" decoding=\"async\" class=\" wp-image-1202 alignleft\" src=\"http:\/\/www.fedetabacofondo.org.co\/home\/wp-content\/uploads\/2016\/06\/reacti-tabaco1-300x204.png\" alt=\"reacti tabaco\" width=\"307\" height=\"210\" srcset=\"http:\/\/www.fedetabacofondo.org.co\/home\/wp-content\/uploads\/2016\/06\/reacti-tabaco1-300x204.png 300w, http:\/\/www.fedetabacofondo.org.co\/home\/wp-content\/uploads\/2016\/06\/reacti-tabaco1.png 551w\" sizes=\"auto, (max-width: 307px) 100vw, 307px\" \/><\/a>NOMBRE:\u00a0<\/strong>Reactivaci\u00f3n Econ\u00f3mica del cultivo del tabaco \u00a0en Santander mediante \u00a0el suministro de Insumos, herramientas Agr\u00edcolas para Familias afectadas por la Ola Invernal 2010-2011<\/p>\n<p><span style=\"color: #000000;\"><b>LOCALIZACI\u00d3N:<\/b>\u00a0Departamento de Santander.<\/span><\/p>\n<p><b>FAMILIAS BENEFICIADAS: <\/b>200<\/p>\n<div class=\"su-divider su-divider-style-double\" style=\"margin:25px 0;border-width:6px;border-color:#31c63f\"><\/div>\n<p><strong><a href=\"http:\/\/www.fedetabacofondo.org.co\/home\/wp-content\/uploads\/2016\/06\/fique1.png\"><img loading=\"lazy\" decoding=\"async\" class=\" wp-image-1231 alignleft\" src=\"http:\/\/www.fedetabacofondo.org.co\/home\/wp-content\/uploads\/2016\/06\/fique1-300x300.png\" alt=\"fique\" width=\"288\" height=\"288\" srcset=\"http:\/\/www.fedetabacofondo.org.co\/home\/wp-content\/uploads\/2016\/06\/fique1-300x300.png 300w, http:\/\/www.fedetabacofondo.org.co\/home\/wp-content\/uploads\/2016\/06\/fique1-150x150.png 150w, http:\/\/www.fedetabacofondo.org.co\/home\/wp-content\/uploads\/2016\/06\/fique1-50x50.png 50w, http:\/\/www.fedetabacofondo.org.co\/home\/wp-content\/uploads\/2016\/06\/fique1.png 311w\" sizes=\"auto, (max-width: 288px) 100vw, 288px\" \/><\/a>NOMBRE:\u00a0<\/strong>Reactivaci\u00f3n Econ\u00f3mica del cultivo del Fique en Santander mediante \u00a0el suministro de Insumos, herramientas Agr\u00edcolas para Familias afectadas por la Ola Invernal 2010-2011<\/p>\n<p><span style=\"color: #000000;\"><b>LOCALIZACI\u00d3N:<\/b>\u00a0Departamento de Santander.<\/span><\/p>\n<p><b>FAMILIAS BENEFICIADAS: <\/b>200<\/p>\n<p>&nbsp;<\/p>\n<div class=\"su-divider su-divider-style-double\" style=\"margin:25px 0;border-width:6px;border-color:#31c63f\"><\/div>\n<p><strong> <a href=\"http:\/\/www.fedetabacofondo.org.co\/home\/wp-content\/uploads\/2016\/06\/Vivien-gerenci.png\"><img loading=\"lazy\" decoding=\"async\" class=\" wp-image-1205 alignleft\" src=\"http:\/\/www.fedetabacofondo.org.co\/home\/wp-content\/uploads\/2016\/06\/Vivien-gerenci-300x209.png\" alt=\"Vivien gerenci\" width=\"311\" height=\"217\" srcset=\"http:\/\/www.fedetabacofondo.org.co\/home\/wp-content\/uploads\/2016\/06\/Vivien-gerenci-300x209.png 300w, http:\/\/www.fedetabacofondo.org.co\/home\/wp-content\/uploads\/2016\/06\/Vivien-gerenci.png 386w\" sizes=\"auto, (max-width: 311px) 100vw, 311px\" \/><\/a><\/strong><\/p>\n<p><strong>NOMBRE: \u00a0<\/strong>Vivienda Rural- Banco Agrario de Colombia.<\/p>\n<p><span style=\"color: #000000;\"><b>LOCALIZACI\u00d3N:<\/b>\u00a0Nivel Nacional .<\/span><\/p>\n<p><b>FAMILIAS BENEFICIADAS: <\/b>1360<\/p>\n<p>&nbsp;<\/p>\n<div class=\"su-divider su-divider-style-double\" style=\"margin:25px 0;border-width:6px;border-color:#31c63f\"><\/div>\n<p><strong><a href=\"http:\/\/www.fedetabacofondo.org.co\/home\/wp-content\/uploads\/2016\/06\/contrloes.jpg\"><img loading=\"lazy\" decoding=\"async\" class=\" wp-image-1226 alignleft\" src=\"http:\/\/www.fedetabacofondo.org.co\/home\/wp-content\/uploads\/2016\/06\/contrloes-300x181.jpg\" alt=\"contrloes\" width=\"323\" height=\"195\" srcset=\"http:\/\/www.fedetabacofondo.org.co\/home\/wp-content\/uploads\/2016\/06\/contrloes-300x181.jpg 300w, http:\/\/www.fedetabacofondo.org.co\/home\/wp-content\/uploads\/2016\/06\/contrloes.jpg 520w\" sizes=\"auto, (max-width: 323px) 100vw, 323px\" \/><\/a>NOMBRE: \u00a0<\/strong>Controles de Inversi\u00f3n- Banco Agrario de Colombia.<\/p>\n<p><span style=\"color: #000000;\"><b>LOCALIZACI\u00d3N:<\/b>\u00a0Nivel Nacional .<\/span><\/p>\n<p><b>FAMILIAS BENEFICIADAS:<\/b>\u00a03.500<\/p>\n<p>&nbsp;<\/p>\n<div class=\"su-divider su-divider-style-double\" style=\"margin:25px 0;border-width:6px;border-color:#31c63f\"><\/div>\n<p><strong><a href=\"http:\/\/www.fedetabacofondo.org.co\/home\/wp-content\/uploads\/2016\/06\/gerencias.png\"><img loading=\"lazy\" decoding=\"async\" class=\" wp-image-1208 alignleft\" src=\"http:\/\/www.fedetabacofondo.org.co\/home\/wp-content\/uploads\/2016\/06\/gerencias-300x229.png\" alt=\"gerencias\" width=\"303\" height=\"231\" srcset=\"http:\/\/www.fedetabacofondo.org.co\/home\/wp-content\/uploads\/2016\/06\/gerencias-300x229.png 300w, http:\/\/www.fedetabacofondo.org.co\/home\/wp-content\/uploads\/2016\/06\/gerencias.png 377w\" sizes=\"auto, (max-width: 303px) 100vw, 303px\" \/><\/a>NOMBRE: \u00a0<\/strong>Gerencias Integrales\u00a0&#8211; Banco Agrario de Colombia.<\/p>\n<p><span style=\"color: #000000;\"><b>LOCALIZACI\u00d3N:<\/b>\u00a0Nivel Nacional .<\/span><\/p>\n<p><b>FAMILIAS BENEFICIADAS:<\/b>\u00a0581<\/p>\n<p>&nbsp;<\/p>\n<p>&nbsp;<\/p>\n<div class=\"su-divider su-divider-style-double\" style=\"margin:25px 0;border-width:6px;border-color:#31c63f\"><\/div>\n","protected":false},"excerpt":{"rendered":"<p>NOMBRE: (PARES)Implementar Proyectos Integrales Fortalecimiento \u00a0de Capacidades Productivas del peque\u00f1o Productor. LOCALIZACI\u00d3N: Departamento de Santander. FAMILIAS BENEFICIADAS:\u00a02210 NOMBRE: \u00a0Apoyo para la \u00a0Implementaci\u00f3n del cambio de cujes\u00a0 de madera por clips sujetadores de \u00a0 Virginia\u00a0 para las familias\u00a0 en los municipios de Capitanejo, Enciso, y Macaravita en el departamento de Santander. LOCALIZACI\u00d3N: Departamento de Santander. FAMILIAS [&hellip;]<\/p>\n","protected":false},"author":2,"featured_media":0,"parent":0,"menu_order":0,"comment_status":"closed","ping_status":"closed","template":"","meta":{"footnotes":""},"class_list":["post-1027","page","type-page","status-publish","hentry"],"_links":{"self":[{"href":"http:\/\/www.fedetabacofondo.org.co\/home\/wp-json\/wp\/v2\/pages\/1027","targetHints":{"allow":["GET"]}}],"collection":[{"href":"http:\/\/www.fedetabacofondo.org.co\/home\/wp-json\/wp\/v2\/pages"}],"about":[{"href":"http:\/\/www.fedetabacofondo.org.co\/home\/wp-json\/wp\/v2\/types\/page"}],"author":[{"embeddable":true,"href":"http:\/\/www.fedetabacofondo.org.co\/home\/wp-json\/wp\/v2\/users\/2"}],"replies":[{"embeddable":true,"href":"http:\/\/www.fedetabacofondo.org.co\/home\/wp-json\/wp\/v2\/comments?post=1027"}],"version-history":[{"count":70,"href":"http:\/\/www.fedetabacofondo.org.co\/home\/wp-json\/wp\/v2\/pages\/1027\/revisions"}],"predecessor-version":[{"id":1233,"href":"http:\/\/www.fedetabacofondo.org.co\/home\/wp-json\/wp\/v2\/pages\/1027\/revisions\/1233"}],"wp:attachment":[{"href":"http:\/\/www.fedetabacofondo.org.co\/home\/wp-json\/wp\/v2\/media?parent=1027"}],"curies":[{"name":"wp","href":"https:\/\/api.w.org\/{rel}","templated":true}]}}