{"id":1094,"date":"2016-06-03T18:00:33","date_gmt":"2016-06-03T18:00:33","guid":{"rendered":"http:\/\/www.fedetabacofondo.org.co\/home\/?page_id=1094"},"modified":"2017-04-19T16:58:16","modified_gmt":"2017-04-19T16:58:16","slug":"proyectos-2016-fnt","status":"publish","type":"page","link":"http:\/\/www.fedetabacofondo.org.co\/home\/proyectos-2016-fnt\/","title":{"rendered":"Proyectos 2016-FNT"},"content":{"rendered":"<div class=\"su-divider su-divider-style-double\" style=\"margin:25px 0;border-width:6px;border-color:#31c63f\"><\/div>\n<p style=\"text-align: left;\"><span style=\"color: #000000;\"><b><img loading=\"lazy\" decoding=\"async\" class=\"alignleft wp-image-1117 \" src=\"http:\/\/www.fedetabacofondo.org.co\/home\/wp-content\/uploads\/2016\/06\/Tabaco-asiten-300x200.jpg\" alt=\"Tabaco asiten\" width=\"317\" height=\"212\" srcset=\"http:\/\/www.fedetabacofondo.org.co\/home\/wp-content\/uploads\/2016\/06\/Tabaco-asiten-300x200.jpg 300w, http:\/\/www.fedetabacofondo.org.co\/home\/wp-content\/uploads\/2016\/06\/Tabaco-asiten-1024x683.jpg 1024w, http:\/\/www.fedetabacofondo.org.co\/home\/wp-content\/uploads\/2016\/06\/Tabaco-asiten.jpg 1920w\" sizes=\"auto, (max-width: 317px) 100vw, 317px\" \/>NOMBRE<\/b><\/span><strong>: <\/strong>Aporte a la\u00a0Asistencia t\u00e9cnica Del cultivo del Tabaco.<\/p>\n<p style=\"text-align: left;\"><span style=\"color: #000000;\"><b>\u00a0LOCALIZACI\u00d3N:<\/b>\u00a0 Departamentos de Santander, Boyaca, Norte de Santander, Huila Sucre y \u00a0Bol\u00edvar.<\/span><\/p>\n<p style=\"text-align: left;\"><span style=\"color: #000000;\"><b>FAMILIAS BENEFICIADAS: 890<\/b><\/span><\/p>\n<p style=\"text-align: left;\"><div class=\"su-divider su-divider-style-double\" style=\"margin:25px 0;border-width:6px;border-color:#31c63f\"><\/div>\n<p><a href=\"http:\/\/www.fedetabacofondo.org.co\/home\/wp-content\/uploads\/2016\/06\/agrotoxicos.jpg\"><img loading=\"lazy\" decoding=\"async\" class=\"size-medium wp-image-1141 alignleft\" src=\"http:\/\/www.fedetabacofondo.org.co\/home\/wp-content\/uploads\/2016\/06\/agrotoxicos-190x300.jpg\" alt=\"?\" width=\"190\" height=\"300\" srcset=\"http:\/\/www.fedetabacofondo.org.co\/home\/wp-content\/uploads\/2016\/06\/agrotoxicos-190x300.jpg 190w, http:\/\/www.fedetabacofondo.org.co\/home\/wp-content\/uploads\/2016\/06\/agrotoxicos.jpg 402w\" sizes=\"auto, (max-width: 190px) 100vw, 190px\" \/><\/a><b><\/b><\/p>\n<p>&nbsp;<\/p>\n<p><b>NOMBRE:<\/b>Apoyo para implementar un programa de almacenamiento seguro del agrot\u00f3xicos, para las familias tabacaleras de las provincias Guanenta, Garc\u00eda Rovira en Santander \u00a0y Norte y Guti\u00e9rrez en Boyac\u00e1<\/p>\n<p><b>\u00a0LOCALIZACI\u00d3N:<\/b>\u00a0Dptos Santander y Boyaca<\/p>\n<p><b>FAMILIAS BENEFICIADAS:<\/b>\u00a0200<\/p>\n<p>&nbsp;<\/p>\n<p>&nbsp;<\/p>\n<div class=\"su-divider su-divider-style-double\" style=\"margin:25px 0;border-width:6px;border-color:#31c63f\"><\/div>\n<p><b><a href=\"http:\/\/www.fedetabacofondo.org.co\/home\/wp-content\/uploads\/2016\/06\/seguro-cosecha.png\"><img loading=\"lazy\" decoding=\"async\" class=\"size-medium wp-image-1153 alignleft\" src=\"http:\/\/www.fedetabacofondo.org.co\/home\/wp-content\/uploads\/2016\/06\/seguro-cosecha-300x173.png\" alt=\"seguro cosecha\" width=\"300\" height=\"173\" srcset=\"http:\/\/www.fedetabacofondo.org.co\/home\/wp-content\/uploads\/2016\/06\/seguro-cosecha-300x173.png 300w, http:\/\/www.fedetabacofondo.org.co\/home\/wp-content\/uploads\/2016\/06\/seguro-cosecha.png 460w\" sizes=\"auto, (max-width: 300px) 100vw, 300px\" \/><\/a>NOMBRE:\u00a0<\/b>Subsidio para la adquisici\u00f3n p\u00f3liza de seguro de cosecha 2016<\/p>\n<p><b>\u00a0LOCALIZACI\u00d3N:<\/b>\u00a0Dptos de Santander, Norte de Santander,Huila, Boyaca, Sucre y Bol\u00edvar<\/p>\n<p><b>FAMILIAS BENEFICIADAS: 3.441<\/b><\/p>\n<div class=\"su-divider su-divider-style-double\" style=\"margin:25px 0;border-width:6px;border-color:#31c63f\"><\/div><a href=\"http:\/\/www.fedetabacofondo.org.co\/home\/wp-content\/uploads\/2016\/06\/itga.png\"><br \/>\n<img loading=\"lazy\" decoding=\"async\" class=\"wp-image-1157 alignleft\" src=\"http:\/\/www.fedetabacofondo.org.co\/home\/wp-content\/uploads\/2016\/06\/itga-251x300.png\" alt=\"itga\" width=\"222\" height=\"265\" srcset=\"http:\/\/www.fedetabacofondo.org.co\/home\/wp-content\/uploads\/2016\/06\/itga-251x300.png 251w, http:\/\/www.fedetabacofondo.org.co\/home\/wp-content\/uploads\/2016\/06\/itga.png 285w\" sizes=\"auto, (max-width: 222px) 100vw, 222px\" \/><\/a><\/p>\n<p>&nbsp;<\/p>\n<p><b>NOMBRE: Cooperaci\u00f3n\u00a0Internacional<\/b><\/p>\n<p><b>\u00a0LOCALIZACI\u00d3N:<\/b>\u00a0 Portugal- Colombia \u00a0(ITGA) Internacional<\/p>\n<p>&nbsp;<\/p>\n<p>&nbsp;<\/p>\n<p>&nbsp;<\/p>\n<div class=\"su-divider su-divider-style-double\" style=\"margin:25px 0;border-width:6px;border-color:#31c63f\"><\/div>\n","protected":false},"excerpt":{"rendered":"<p>NOMBRE: Aporte a la\u00a0Asistencia t\u00e9cnica Del cultivo del Tabaco. \u00a0LOCALIZACI\u00d3N:\u00a0 Departamentos de Santander, Boyaca, Norte de Santander, Huila Sucre y \u00a0Bol\u00edvar. FAMILIAS BENEFICIADAS: 890 &nbsp; NOMBRE:Apoyo para implementar un programa de almacenamiento seguro del agrot\u00f3xicos, para las familias tabacaleras de las provincias Guanenta, Garc\u00eda Rovira en Santander \u00a0y Norte y Guti\u00e9rrez en Boyac\u00e1 \u00a0LOCALIZACI\u00d3N:\u00a0Dptos Santander [&hellip;]<\/p>\n","protected":false},"author":2,"featured_media":0,"parent":0,"menu_order":0,"comment_status":"closed","ping_status":"closed","template":"","meta":{"footnotes":""},"class_list":["post-1094","page","type-page","status-publish","hentry"],"_links":{"self":[{"href":"http:\/\/www.fedetabacofondo.org.co\/home\/wp-json\/wp\/v2\/pages\/1094","targetHints":{"allow":["GET"]}}],"collection":[{"href":"http:\/\/www.fedetabacofondo.org.co\/home\/wp-json\/wp\/v2\/pages"}],"about":[{"href":"http:\/\/www.fedetabacofondo.org.co\/home\/wp-json\/wp\/v2\/types\/page"}],"author":[{"embeddable":true,"href":"http:\/\/www.fedetabacofondo.org.co\/home\/wp-json\/wp\/v2\/users\/2"}],"replies":[{"embeddable":true,"href":"http:\/\/www.fedetabacofondo.org.co\/home\/wp-json\/wp\/v2\/comments?post=1094"}],"version-history":[{"count":50,"href":"http:\/\/www.fedetabacofondo.org.co\/home\/wp-json\/wp\/v2\/pages\/1094\/revisions"}],"predecessor-version":[{"id":1532,"href":"http:\/\/www.fedetabacofondo.org.co\/home\/wp-json\/wp\/v2\/pages\/1094\/revisions\/1532"}],"wp:attachment":[{"href":"http:\/\/www.fedetabacofondo.org.co\/home\/wp-json\/wp\/v2\/media?parent=1094"}],"curies":[{"name":"wp","href":"https:\/\/api.w.org\/{rel}","templated":true}]}}