{"id":1251,"date":"2016-07-14T21:34:44","date_gmt":"2016-07-14T21:34:44","guid":{"rendered":"http:\/\/www.fedetabacofondo.org.co\/home\/?page_id=1251"},"modified":"2017-02-14T22:57:52","modified_gmt":"2017-02-14T22:57:52","slug":"proyectos-2016-fedetabaco-2","status":"publish","type":"page","link":"http:\/\/www.fedetabacofondo.org.co\/home\/proyectos-2016-fedetabaco-2\/","title":{"rendered":"Proyectos 2016 \u2013 Fedetabaco"},"content":{"rendered":"<div class=\"su-divider su-divider-style-double\" style=\"margin:25px 0;border-width:6px;border-color:#31c63f\"><\/div>\n<p><strong><a href=\"http:\/\/www.fedetabacofondo.org.co\/home\/wp-content\/uploads\/2016\/07\/IMG_0375.jpg\"><img loading=\"lazy\" decoding=\"async\" class=\" wp-image-1258 alignleft\" src=\"http:\/\/www.fedetabacofondo.org.co\/home\/wp-content\/uploads\/2016\/07\/IMG_0375-300x225.jpg\" alt=\"IMG_0375\" width=\"305\" height=\"229\" srcset=\"http:\/\/www.fedetabacofondo.org.co\/home\/wp-content\/uploads\/2016\/07\/IMG_0375-300x225.jpg 300w, http:\/\/www.fedetabacofondo.org.co\/home\/wp-content\/uploads\/2016\/07\/IMG_0375-1024x768.jpg 1024w, http:\/\/www.fedetabacofondo.org.co\/home\/wp-content\/uploads\/2016\/07\/IMG_0375.jpg 1600w\" sizes=\"auto, (max-width: 305px) 100vw, 305px\" \/><\/a>NOMBRE:\u00a0<\/strong>Fortalecimiento a la Producci\u00f3n de Ma\u00edz, Frijol, Mandarina, y Aguacate, como productos de Rotaci\u00f3n y Diversificaci\u00f3n al Cultivo de Tabaco.<\/p>\n<p><span style=\"color: #000000;\"><b>LOCALIZACI\u00d3N:<\/b> Departamento de Santander, Huila, Boyaca, Sucre, Bol\u00edvar, Norte de Santander.<\/span><\/p>\n<p style=\"text-align: left;\"><span style=\"color: #000000;\"><b>FAMILIAS BENEFICIADAS:\u00a0714<\/b><\/span><\/p>\n<p style=\"text-align: left;\"><div class=\"su-divider su-divider-style-double\" style=\"margin:25px 0;border-width:6px;border-color:#31c63f\"><\/div>\n<p style=\"text-align: left;\"><a href=\"http:\/\/www.fedetabacofondo.org.co\/home\/wp-content\/uploads\/2016\/07\/vivienda-gerencia2.png\"><img loading=\"lazy\" decoding=\"async\" class=\"wp-image-1491 alignleft\" src=\"http:\/\/www.fedetabacofondo.org.co\/home\/wp-content\/uploads\/2016\/07\/vivienda-gerencia2.png\" alt=\"vivienda gerencia\" width=\"231\" height=\"306\" srcset=\"http:\/\/www.fedetabacofondo.org.co\/home\/wp-content\/uploads\/2016\/07\/vivienda-gerencia2.png 417w, http:\/\/www.fedetabacofondo.org.co\/home\/wp-content\/uploads\/2016\/07\/vivienda-gerencia2-226x300.png 226w\" sizes=\"auto, (max-width: 231px) 100vw, 231px\" \/><\/a><\/p>\n<p>&nbsp;<\/p>\n<p><strong>NOMBRE: \u00a0<\/strong>VIVIENDA- Gerencias Integrales<\/p>\n<p>&nbsp;<\/p>\n<p><span style=\"color: #000000;\"><b>LOCALIZACI\u00d3N:<\/b> Departamento de San Andres\u00a0Islas,\u00a0Providencia y Santa Catalina, Huila, Caldas,Cundinamarca, Meta, C\u00f3rdoba Tolima.\u00a0<\/span><\/p>\n<p><span style=\"color: #000000;\"><b>FAMILIAS BENEFICIADAS: 1228<\/b><\/span><\/p>\n<p style=\"text-align: left;\">\n<p style=\"text-align: left;\"><div class=\"su-divider su-divider-style-double\" style=\"margin:25px 0;border-width:6px;border-color:#31c63f\"><\/div>\n","protected":false},"excerpt":{"rendered":"<p>NOMBRE:\u00a0Fortalecimiento a la Producci\u00f3n de Ma\u00edz, Frijol, Mandarina, y Aguacate, como productos de Rotaci\u00f3n y Diversificaci\u00f3n al Cultivo de Tabaco. LOCALIZACI\u00d3N: Departamento de Santander, Huila, Boyaca, Sucre, Bol\u00edvar, Norte de Santander. FAMILIAS BENEFICIADAS:\u00a0714 &nbsp; NOMBRE: \u00a0VIVIENDA- Gerencias Integrales &nbsp; LOCALIZACI\u00d3N: Departamento de San Andres\u00a0Islas,\u00a0Providencia y Santa Catalina, Huila, Caldas,Cundinamarca, Meta, C\u00f3rdoba Tolima.\u00a0 FAMILIAS BENEFICIADAS: 1228<\/p>\n","protected":false},"author":2,"featured_media":0,"parent":0,"menu_order":0,"comment_status":"closed","ping_status":"closed","template":"","meta":{"footnotes":""},"class_list":["post-1251","page","type-page","status-publish","hentry"],"_links":{"self":[{"href":"http:\/\/www.fedetabacofondo.org.co\/home\/wp-json\/wp\/v2\/pages\/1251","targetHints":{"allow":["GET"]}}],"collection":[{"href":"http:\/\/www.fedetabacofondo.org.co\/home\/wp-json\/wp\/v2\/pages"}],"about":[{"href":"http:\/\/www.fedetabacofondo.org.co\/home\/wp-json\/wp\/v2\/types\/page"}],"author":[{"embeddable":true,"href":"http:\/\/www.fedetabacofondo.org.co\/home\/wp-json\/wp\/v2\/users\/2"}],"replies":[{"embeddable":true,"href":"http:\/\/www.fedetabacofondo.org.co\/home\/wp-json\/wp\/v2\/comments?post=1251"}],"version-history":[{"count":23,"href":"http:\/\/www.fedetabacofondo.org.co\/home\/wp-json\/wp\/v2\/pages\/1251\/revisions"}],"predecessor-version":[{"id":1255,"href":"http:\/\/www.fedetabacofondo.org.co\/home\/wp-json\/wp\/v2\/pages\/1251\/revisions\/1255"}],"wp:attachment":[{"href":"http:\/\/www.fedetabacofondo.org.co\/home\/wp-json\/wp\/v2\/media?parent=1251"}],"curies":[{"name":"wp","href":"https:\/\/api.w.org\/{rel}","templated":true}]}}