{"id":133,"date":"2015-05-11T01:50:10","date_gmt":"2015-05-11T01:50:10","guid":{"rendered":"http:\/\/www.fedetabacofondo.org.co\/home\/?page_id=133"},"modified":"2015-05-26T14:26:19","modified_gmt":"2015-05-26T14:26:19","slug":"prueba","status":"publish","type":"page","link":"http:\/\/www.fedetabacofondo.org.co\/home\/prueba\/","title":{"rendered":"II Congreso Nacional Tabacalero"},"content":{"rendered":"<p style=\"text-align: center;\"><strong><em>CONCLUSIONES SEGUNDO CONGRESO NACIONAL TABACALERO<\/em><\/strong><\/p>\n<p style=\"text-align: center;\"><em>(Con Compromiso Social, T\u00e9cnico y Ambiental Afianzamos Nuestro Futuro)<\/em><\/p>\n<p><a href=\"http:\/\/www.fedetabacofondo.org.co\/home\/wp-content\/uploads\/2015\/05\/logo_congreso.png\"><img loading=\"lazy\" decoding=\"async\" class=\"  aligncenter wp-image-567 \" src=\"http:\/\/www.fedetabacofondo.org.co\/home\/wp-content\/uploads\/2015\/05\/logo_congreso.png\" alt=\"logo_congreso\" width=\"305\" height=\"121\" \/><\/a>En el municipio de San Gil se realiz\u00f3 el Segundo Congreso Nacional Tabacalero \u2018con Compromiso, Social, T\u00e9cnico y Ambiental Afianzamos Nuestro Futuro\u2019, durante los d\u00edas\u00a0 8 y 9 de\u00a0 Mayo de 2015, con la participaci\u00f3n de 300 cultivadores de tabaco representantes de las organizaciones que forman parte de \u201dFEDETABACO\u201d provenientes de 11 departamentos del pa\u00eds, las empresas: COLTABACO, BAT y CDF, fabricantes de cigarros, la Cadena Nacional del Tabaco, la Gobernaci\u00f3n de Santander con el Dr. Richard Aguilar \u00a0Villa y sus funcionarios, el Ministerio de Agricultura y Desarrollo Rural en cabeza del se\u00f1or Ministro Dr. Aurelio Irragorri, los Alcaldes de San Gil,\u00a0 Barichara, Cabrera, y Los Santos, el ICA, SENA, CORPOICA, La CAS, el Banco Agrario, FINAGRO, COOMULTAGRO, UNISANGIL, entre otros representantes del poder legislativo por Santander y medios de comunicaci\u00f3n.<\/p>\n<p style=\"text-align: left;\">A continuaci\u00f3n las conclusiones a las que se llegaron al finalizar los dos d\u00edas de Congreso:<\/p>\n<p>&nbsp;<\/p>\n<div class=\"su-list su-list-style-\">\n<ul>\n<li><i class=\"fa fa-leaf\" style=\"color:#2d7443\"><\/i> Los participantes en el segundo Congreso Nacional Tabacalero, en representaci\u00f3n de las familias tabacaleras del pa\u00eds, le agradecen al se\u00f1or Ministro de Agricultura y Desarrollo Rural por el apoyo \u201cPara que en Colombia se siga sembrando tabaco\u201d, al se\u00f1or Gobernador de Santander, al presidente FINAGRO, y dem\u00e1s representantes de entidades p\u00fablicas y privadas por su decidido apoyo a los programas e iniciativas al sector.<\/li>\n<li><i class=\"fa fa-leaf\" style=\"color:#2d7443\"><\/i> Se reafirma que FEDETABACO es la fuerza gremial de los productores ante el Gobierno Nacional, la Industria, los departamentos y los municipios. Lo anterior nos permite realizar procesos de negociaci\u00f3n y concertaci\u00f3n de las propuestas e iniciativas del sector. Por su gesti\u00f3n y posicionamiento, es un aliado del Gobierno Nacional y Departamental para contribuir a la ejecuci\u00f3n sus pol\u00edticas a trav\u00e9s de convenios y contratos para los tabacaleros y otros sectores vulnerables del pa\u00eds.<\/li>\n<li><i class=\"fa fa-leaf\" style=\"color:#2d7443\"><\/i> El fortalecimiento gremial del sector tabacalero es una alternativa para los procesos de concertaci\u00f3n, gesti\u00f3n, negociaci\u00f3n y la definici\u00f3n de programas y proyectos, de acuerdo a las condiciones de vida de la poblaci\u00f3n tabacalera de cada regi\u00f3n.<\/li>\n<li><i class=\"fa fa-leaf\" style=\"color:#2d7443\"><\/i> A nivel mundial se prev\u00e9 el crecimiento de la poblaci\u00f3n consumidora de cigarrillos, pero la tendencia de la producci\u00f3n es a la disminuci\u00f3n. Esto por la remetida de la OMS (organizaci\u00f3n Mundial de la salud) para acabar con el cultivo del tabaco y el consumo, como est\u00e1 contemplado en el Acuerdo Marco que muchos pa\u00edses han firmado.<\/li>\n<li><i class=\"fa fa-leaf\" style=\"color:#2d7443\"><\/i> \u201cFEDETABACO\u201d en los \u00faltimos 10 a\u00f1os de actividad ha logrado contribuir al mejoramiento de la calidad de vida de los tabacaleros, con el apoyo y las alianzas con el Gobierno Nacional y Departamental, la industria tabacalera y dem\u00e1s instituciones p\u00fablicas y privadas, esto se vio reflejado en el informe sobre los programas desarrollados. Es de resaltar que el Fondo Nacional del Tabaco, se ha convertido en un instrumento para el apalancamiento de recursos para los programas en pro del sector tabacalero.<\/li>\n<li><i class=\"fa fa-leaf\" style=\"color:#2d7443\"><\/i> Se acuerda adoptar el Plan Estrat\u00e9gico 2015 &#8211; 2025 para el sector tabacalero, lo cual permitir\u00e1 a FEDETABACO, reorientar los esfuerzos, voluntades y recursos para seguir avanzando en l\u00edneas de trabajo. Para la cual se establecer\u00e1n alianzas y acuerdos de cooperaci\u00f3n en todos los campos: social, econ\u00f3mico, ambiental, transferencia de tecnolog\u00eda y cultural, que repercuta positivamente en el \u00e1mbito local, regional, nacional e internacional.<\/li>\n<li><i class=\"fa fa-leaf\" style=\"color:#2d7443\"><\/i> El Plan Estrat\u00e9gico de FEDETABACO es la carta de navegaci\u00f3n para los pr\u00f3ximos 10 a\u00f1os, \u00e9ste ha sido concertado y alimentado desde la base social de los tabacaleros y de acuerdo a las necesidades, demandas y propuestas de cada una de las regiones en donde se desarrolla esta actividad.<\/li>\n<li><i class=\"fa fa-leaf\" style=\"color:#2d7443\"><\/i> FEDETABACO como gremio dej\u00f3 planteado al gobierno nacional, a trav\u00e9s del Ministerio de Agricultura y Desarrollo Rural, la creaci\u00f3n de un instrumento que permita la disponibilidad de recursos econ\u00f3micos provenientes de los impuestos, ya creados, al consumo de cigarrillo, para el apoyo que requieren los programas que se adelantan en todas las zonas tabacaleras. Dicha iniciativa se enmarca en la experiencia conocida en pa\u00edses como \u00a0Brasil, Argentina y Republica Dominicana, pues es una manera para que el productor de la hoja de tabaco sea part\u00edcipe de los recursos que genera la producci\u00f3n y consumo de cigarrillos.<\/li>\n<li><i class=\"fa fa-leaf\" style=\"color:#2d7443\"><\/i> La\u00a0 industria tiene una oferta institucional, encaminada a mejorar y modernizar la actividad tabacalera mediante la transferencia de tecnolog\u00eda y el apoyo a proyectos sociales y educativos, de conservaci\u00f3n de los recursos naturales, de mejoramiento de la infraestructura de riego y de manejo postcosecha.<\/li>\n<li><i class=\"fa fa-leaf\" style=\"color:#2d7443\"><\/i> El Ministerio de Agricultura y Desarrollo Rural dio a conocer los instrumentos de pol\u00edtica agropecuaria y los procedimientos para acceder a los programas e instrumentos de pol\u00edtica p\u00fablica.<\/li>\n<li><i class=\"fa fa-leaf\" style=\"color:#2d7443\"><\/i> Santander cuenta con el Fondo Departamental del Tabaco creado mediante ordenanza en 1998. Este fondo se alimenta del 5% del impuesto al consumo de cigarrillo, un modelo que se debe implementar en los dem\u00e1s departamentos tabacaleros. As\u00ed como los fondos municipales creados mediante acuerdos que se han venido implementando en Santander para el apalancamiento de recursos econ\u00f3micos del orden Departamental, Nacional e internacional como estrategia para el desarrollo de los programas en pro de los cultivadores de la hoja.<\/li>\n<li><i class=\"fa fa-leaf\" style=\"color:#2d7443\"><\/i> En el \u00e1mbito internacional FEDETABACO forma parte del ITGA, organizaci\u00f3n mundial que integra a todos los cultivadores de los Pa\u00edses en donde se produce la hoja de tabaco y que apoya y respalda a los cultivadores de tabaco de Colombia.<\/li>\n<\/ul>\n<\/div>\n<p><strong>SAN GIL, \u00a0\u00a08 Y 9 \u00a0DE MAYO 2015.<\/strong><\/p>\n<p><strong>Comisi\u00f3n Redactora.<\/strong><\/p>\n<p>&nbsp;<\/p>\n<p><strong>JOSE DELIO PORRAS \u00a0 \u00a0 \u00a0 \u00a0 \u00a0 \u00a0 \u00a0 \u00a0 \u00a0 \u00a0 \u00a0 \u00a0 \u00a0 \u00a0 \u00a0 \u00a0 \u00a0 \u00a0 LUIS EDUARDO FIGUEROA<\/strong><\/p>\n<p><em><strong>Directivo de \u201cFEDETABACO\u201d \u00a0 \u00a0 \u00a0 \u00a0 \u00a0 \u00a0 \u00a0 \u00a0 \u00a0 \u00a0 \u00a0Director del Fondo Nacional del Tabaco<\/strong><\/em><\/p>\n<p>&nbsp;<\/p>\n","protected":false},"excerpt":{"rendered":"<p>CONCLUSIONES SEGUNDO CONGRESO NACIONAL TABACALERO (Con Compromiso Social, T\u00e9cnico y Ambiental Afianzamos Nuestro Futuro) En el municipio de San Gil se realiz\u00f3 el Segundo Congreso Nacional Tabacalero \u2018con Compromiso, Social, T\u00e9cnico y Ambiental Afianzamos Nuestro Futuro\u2019, durante los d\u00edas\u00a0 8 y 9 de\u00a0 Mayo de 2015, con la participaci\u00f3n de 300 cultivadores de tabaco representantes [&hellip;]<\/p>\n","protected":false},"author":3,"featured_media":0,"parent":0,"menu_order":0,"comment_status":"closed","ping_status":"closed","template":"","meta":{"footnotes":""},"class_list":["post-133","page","type-page","status-publish","hentry"],"_links":{"self":[{"href":"http:\/\/www.fedetabacofondo.org.co\/home\/wp-json\/wp\/v2\/pages\/133","targetHints":{"allow":["GET"]}}],"collection":[{"href":"http:\/\/www.fedetabacofondo.org.co\/home\/wp-json\/wp\/v2\/pages"}],"about":[{"href":"http:\/\/www.fedetabacofondo.org.co\/home\/wp-json\/wp\/v2\/types\/page"}],"author":[{"embeddable":true,"href":"http:\/\/www.fedetabacofondo.org.co\/home\/wp-json\/wp\/v2\/users\/3"}],"replies":[{"embeddable":true,"href":"http:\/\/www.fedetabacofondo.org.co\/home\/wp-json\/wp\/v2\/comments?post=133"}],"version-history":[{"count":37,"href":"http:\/\/www.fedetabacofondo.org.co\/home\/wp-json\/wp\/v2\/pages\/133\/revisions"}],"predecessor-version":[{"id":629,"href":"http:\/\/www.fedetabacofondo.org.co\/home\/wp-json\/wp\/v2\/pages\/133\/revisions\/629"}],"wp:attachment":[{"href":"http:\/\/www.fedetabacofondo.org.co\/home\/wp-json\/wp\/v2\/media?parent=133"}],"curies":[{"name":"wp","href":"https:\/\/api.w.org\/{rel}","templated":true}]}}