{"id":1634,"date":"2018-01-04T15:38:02","date_gmt":"2018-01-04T15:38:02","guid":{"rendered":"http:\/\/www.fedetabacofondo.org.co\/home\/?page_id=1634"},"modified":"2018-02-07T20:09:55","modified_gmt":"2018-02-07T20:09:55","slug":"proyectos-2017-fedetabaco-2-2","status":"publish","type":"page","link":"http:\/\/www.fedetabacofondo.org.co\/home\/proyectos-2017-fedetabaco-2-2\/","title":{"rendered":"Proyectos 2017- Fedetabaco"},"content":{"rendered":"<div class=\"su-divider su-divider-style-double\" style=\"margin:25px 0;border-width:6px;border-color:#31c63f\"><\/div>\n<p><a href=\"http:\/\/www.fedetabacofondo.org.co\/home\/wp-content\/uploads\/2016\/06\/agrotoxicos.jpg\"><img loading=\"lazy\" decoding=\"async\" class=\"wp-image-1141 alignleft\" src=\"http:\/\/www.fedetabacofondo.org.co\/home\/wp-content\/uploads\/2016\/06\/agrotoxicos.jpg\" alt=\"?\" width=\"242\" height=\"383\" srcset=\"http:\/\/www.fedetabacofondo.org.co\/home\/wp-content\/uploads\/2016\/06\/agrotoxicos.jpg 402w, http:\/\/www.fedetabacofondo.org.co\/home\/wp-content\/uploads\/2016\/06\/agrotoxicos-190x300.jpg 190w\" sizes=\"auto, (max-width: 242px) 100vw, 242px\" \/><\/a><\/p>\n<p>&nbsp;<\/p>\n<p><strong>NOMBRE:\u00a0<\/strong>Apoyo para implementar un\u00a0 programa de almacenamiento seguro de los agro-toxicos, para las familias tabacaleras de las provincias, Guanentina y Garc\u00eda Rovira del departamento de Santander.<\/p>\n<p><span style=\"color: #000000;\"><b>LOCALIZACI\u00d3N:<\/b>\u00a0Departamento de Santander.<\/span><\/p>\n<p>&nbsp;<\/p>\n<p><span style=\"color: #000000;\"><b>FAMILIAS BENEFICIADAS: 190<\/b><\/span><\/p>\n<p>&nbsp;<\/p>\n<p>&nbsp;<\/p>\n<div class=\"su-divider su-divider-style-double\" style=\"margin:25px 0;border-width:6px;border-color:#31c63f\"><\/div>\n<p style=\"text-align: left;\"><a href=\"http:\/\/www.fedetabacofondo.org.co\/home\/wp-content\/uploads\/2018\/01\/FOT-JAGUEYES.png\"><img loading=\"lazy\" decoding=\"async\" class=\"wp-image-1646 alignleft\" src=\"http:\/\/www.fedetabacofondo.org.co\/home\/wp-content\/uploads\/2018\/01\/FOT-JAGUEYES.png\" alt=\"FOT JAGUEYES\" width=\"364\" height=\"246\" srcset=\"http:\/\/www.fedetabacofondo.org.co\/home\/wp-content\/uploads\/2018\/01\/FOT-JAGUEYES.png 399w, http:\/\/www.fedetabacofondo.org.co\/home\/wp-content\/uploads\/2018\/01\/FOT-JAGUEYES-300x202.png 300w\" sizes=\"auto, (max-width: 364px) 100vw, 364px\" \/><\/a><\/p>\n<p style=\"text-align: left;\"><strong>NOMBRE:<\/strong>\u00bb Construcci\u00f3n y adecuaci\u00f3n de jag\u00fceyes en la provincia de Guanenta del departamento de Santander\u00bb..<\/p>\n<p><span style=\"color: #000000;\"><b>LOCALIZACI\u00d3N:<\/b>\u00a0Departamento de Santander.<\/span><\/p>\n<p style=\"text-align: left;\"><span style=\"color: #000000;\"><b>FAMILIAS BENEFICIADAS: 175<\/b><\/span><\/p>\n<p style=\"text-align: left;\"><div class=\"su-divider su-divider-style-double\" style=\"margin:25px 0;border-width:6px;border-color:#31c63f\"><\/div>\n<p><strong><a href=\"http:\/\/www.fedetabacofondo.org.co\/home\/wp-content\/uploads\/2018\/01\/Tanques.png\"><img loading=\"lazy\" decoding=\"async\" class=\" wp-image-1648 alignleft\" src=\"http:\/\/www.fedetabacofondo.org.co\/home\/wp-content\/uploads\/2018\/01\/Tanques.png\" alt=\"Tanques\" width=\"342\" height=\"264\" srcset=\"http:\/\/www.fedetabacofondo.org.co\/home\/wp-content\/uploads\/2018\/01\/Tanques.png 363w, http:\/\/www.fedetabacofondo.org.co\/home\/wp-content\/uploads\/2018\/01\/Tanques-300x231.png 300w\" sizes=\"auto, (max-width: 342px) 100vw, 342px\" \/><\/a><\/strong><\/p>\n<p>&nbsp;<\/p>\n<p><strong>NOMBRE:<\/strong>Almacenamiento de aguas lluvias para actividades agropecuarias que beneficien a familias tabacaleras de las provincias de Garc\u00eda Rovira y soto del departamento de Santander.<\/p>\n<p><span style=\"color: #000000;\"><b>LOCALIZACI\u00d3N:<\/b>\u00a0Departamento de Santander.<\/span><\/p>\n<p><span style=\"color: #000000;\"><b>FAMILIAS BENEFICIADAS: 40<\/b><\/span><\/p>\n<p style=\"text-align: left;\"><div class=\"su-divider su-divider-style-double\" style=\"margin:25px 0;border-width:6px;border-color:#31c63f\"><\/div>\n<p><a href=\"http:\/\/www.fedetabacofondo.org.co\/home\/wp-content\/uploads\/2018\/01\/Asistencia-Tecnicapng.png\"><img loading=\"lazy\" decoding=\"async\" class=\"wp-image-1668 alignleft\" src=\"http:\/\/www.fedetabacofondo.org.co\/home\/wp-content\/uploads\/2018\/01\/Asistencia-Tecnicapng.png\" alt=\"Asistencia Tecnicapng\" width=\"350\" height=\"224\" srcset=\"http:\/\/www.fedetabacofondo.org.co\/home\/wp-content\/uploads\/2018\/01\/Asistencia-Tecnicapng.png 384w, http:\/\/www.fedetabacofondo.org.co\/home\/wp-content\/uploads\/2018\/01\/Asistencia-Tecnicapng-300x192.png 300w\" sizes=\"auto, (max-width: 350px) 100vw, 350px\" \/><\/a><\/p>\n<p style=\"text-align: left;\"><strong>NOMBRE:\u00a0<\/strong>Prestaci\u00f3n de servicios de asesor\u00eda t\u00e9cnica, acompa\u00f1amiento profesional y ejecuci\u00f3n de proyectos agropecuarios, para los peque\u00f1os y medianos productores.<\/p>\n<p><span style=\"color: #000000;\"><b>LOCALIZACI\u00d3N:<\/b>\u00a0Departamento de Santander. Municipio Paramo<\/span><\/p>\n<p><span style=\"color: #000000;\"><b>FAMILIAS BENEFICIADAS:\u00a0 125<\/b><\/span><\/p>\n<p style=\"text-align: left;\"><div class=\"su-divider su-divider-style-double\" style=\"margin:25px 0;border-width:6px;border-color:#31c63f\"><\/div>\n<p><a href=\"http:\/\/www.fedetabacofondo.org.co\/home\/wp-content\/uploads\/2018\/01\/Biodigestores-paramo.png\"><img loading=\"lazy\" decoding=\"async\" class=\" wp-image-1670 alignleft\" src=\"http:\/\/www.fedetabacofondo.org.co\/home\/wp-content\/uploads\/2018\/01\/Biodigestores-paramo.png\" alt=\"Biodigestores paramo\" width=\"305\" height=\"210\" srcset=\"http:\/\/www.fedetabacofondo.org.co\/home\/wp-content\/uploads\/2018\/01\/Biodigestores-paramo.png 378w, http:\/\/www.fedetabacofondo.org.co\/home\/wp-content\/uploads\/2018\/01\/Biodigestores-paramo-300x206.png 300w\" sizes=\"auto, (max-width: 305px) 100vw, 305px\" \/><\/a><\/p>\n<p style=\"text-align: left;\"><strong>NOMBRE:\u00a0<\/strong>Construcci\u00f3n de 4 biodigestores tipo chino permanentes para la producci\u00f3n de gas metano a familias peque\u00f1as productora s agropecuarias.<\/p>\n<p><span style=\"color: #000000;\"><b>LOCALIZACI\u00d3N:<\/b>\u00a0Departamento de Santander. Municipio Paramo<\/span><\/p>\n<p><span style=\"color: #000000;\"><b>FAMILIAS BENEFICIADAS:\u00a0 4<\/b><\/span><\/p>\n<p style=\"text-align: left;\"><div class=\"su-divider su-divider-style-double\" style=\"margin:25px 0;border-width:6px;border-color:#31c63f\"><\/div>\n<p style=\"text-align: left;\"><a href=\"http:\/\/www.fedetabacofondo.org.co\/home\/wp-content\/uploads\/2018\/01\/controles-de-inversion-.png\"><img loading=\"lazy\" decoding=\"async\" class=\"wp-image-1672 alignleft\" src=\"http:\/\/www.fedetabacofondo.org.co\/home\/wp-content\/uploads\/2018\/01\/controles-de-inversion-.png\" alt=\"controles de inversion\" width=\"410\" height=\"160\" srcset=\"http:\/\/www.fedetabacofondo.org.co\/home\/wp-content\/uploads\/2018\/01\/controles-de-inversion-.png 402w, http:\/\/www.fedetabacofondo.org.co\/home\/wp-content\/uploads\/2018\/01\/controles-de-inversion--300x116.png 300w, http:\/\/www.fedetabacofondo.org.co\/home\/wp-content\/uploads\/2018\/01\/controles-de-inversion--400x156.png 400w\" sizes=\"auto, (max-width: 410px) 100vw, 410px\" \/><\/a><\/p>\n<p style=\"text-align: left;\"><b>NOMBRE: <\/b>Controles de <span style=\"color: #000000;\">Inversi\u00f3n<\/span>\u00a0&#8211; banco Agrario de Colombia.<\/p>\n<p style=\"text-align: left;\"><span style=\"color: #000000;\"><b>LOCALIZACI\u00d3N:<\/b>\u00a0Todo el pa\u00eds.<\/span><\/p>\n<p style=\"text-align: left;\"><div class=\"su-divider su-divider-style-double\" style=\"margin:25px 0;border-width:6px;border-color:#31c63f\"><\/div>\n","protected":false},"excerpt":{"rendered":"<p>&nbsp; NOMBRE:\u00a0Apoyo para implementar un\u00a0 programa de almacenamiento seguro de los agro-toxicos, para las familias tabacaleras de las provincias, Guanentina y Garc\u00eda Rovira del departamento de Santander. LOCALIZACI\u00d3N:\u00a0Departamento de Santander. &nbsp; FAMILIAS BENEFICIADAS: 190 &nbsp; &nbsp; NOMBRE:\u00bb Construcci\u00f3n y adecuaci\u00f3n de jag\u00fceyes en la provincia de Guanenta del departamento de Santander\u00bb.. LOCALIZACI\u00d3N:\u00a0Departamento de Santander. FAMILIAS [&hellip;]<\/p>\n","protected":false},"author":2,"featured_media":0,"parent":0,"menu_order":0,"comment_status":"closed","ping_status":"closed","template":"","meta":{"footnotes":""},"class_list":["post-1634","page","type-page","status-publish","hentry"],"_links":{"self":[{"href":"http:\/\/www.fedetabacofondo.org.co\/home\/wp-json\/wp\/v2\/pages\/1634","targetHints":{"allow":["GET"]}}],"collection":[{"href":"http:\/\/www.fedetabacofondo.org.co\/home\/wp-json\/wp\/v2\/pages"}],"about":[{"href":"http:\/\/www.fedetabacofondo.org.co\/home\/wp-json\/wp\/v2\/types\/page"}],"author":[{"embeddable":true,"href":"http:\/\/www.fedetabacofondo.org.co\/home\/wp-json\/wp\/v2\/users\/2"}],"replies":[{"embeddable":true,"href":"http:\/\/www.fedetabacofondo.org.co\/home\/wp-json\/wp\/v2\/comments?post=1634"}],"version-history":[{"count":23,"href":"http:\/\/www.fedetabacofondo.org.co\/home\/wp-json\/wp\/v2\/pages\/1634\/revisions"}],"predecessor-version":[{"id":1676,"href":"http:\/\/www.fedetabacofondo.org.co\/home\/wp-json\/wp\/v2\/pages\/1634\/revisions\/1676"}],"wp:attachment":[{"href":"http:\/\/www.fedetabacofondo.org.co\/home\/wp-json\/wp\/v2\/media?parent=1634"}],"curies":[{"name":"wp","href":"https:\/\/api.w.org\/{rel}","templated":true}]}}