{"id":2054,"date":"2019-08-12T16:48:15","date_gmt":"2019-08-12T16:48:15","guid":{"rendered":"http:\/\/www.fedetabacofondo.org.co\/home\/?page_id=2054"},"modified":"2019-11-21T23:02:22","modified_gmt":"2019-11-21T23:02:22","slug":"proyectos-2019-fnt","status":"publish","type":"page","link":"http:\/\/www.fedetabacofondo.org.co\/home\/proyectos-2019-fnt\/","title":{"rendered":"Proyectos 2019 FNT"},"content":{"rendered":"<div class=\"su-divider su-divider-style-double\" style=\"margin:25px 0;border-width:6px;border-color:#31c63f\"><\/div>\n<p><b><a href=\"http:\/\/www.fedetabacofondo.org.co\/home\/wp-content\/uploads\/2019\/08\/vivienda-2019o1.png\"><img loading=\"lazy\" decoding=\"async\" class=\"alignnone wp-image-2067 alignleft\" src=\"http:\/\/www.fedetabacofondo.org.co\/home\/wp-content\/uploads\/2019\/08\/vivienda-2019o1.png\" alt=\"vivienda 2019o\" width=\"300\" height=\"239\" srcset=\"http:\/\/www.fedetabacofondo.org.co\/home\/wp-content\/uploads\/2019\/08\/vivienda-2019o1.png 310w, http:\/\/www.fedetabacofondo.org.co\/home\/wp-content\/uploads\/2019\/08\/vivienda-2019o1-300x239.png 300w\" sizes=\"auto, (max-width: 300px) 100vw, 300px\" \/><\/a><\/b><\/p>\n<p><b>NOMBRE<\/b><strong>:\u00a0<\/strong>Construcci\u00f3n y Mejoramiento de vivienda de 18m2 que incluye la construcci\u00f3n de Cocina, ba\u00f1o, cubierta, lavadero e instalaciones sanitarias.<\/p>\n<p><b>LOCALIZACI\u00d3N:<\/b>\u00a0Municipios Villanueva, los Santos, san Miguel, Capitanejo, Barichara, Giron, Piedecuesta, y Molagavita Departamento de Santander.<\/p>\n<p><b>\u00a0 FAMILIAS BENEFICIADAS: 70<\/b><\/p>\n<div class=\"su-divider su-divider-style-double\" style=\"margin:25px 0;border-width:6px;border-color:#31c63f\"><\/div>\n<p><b><a href=\"http:\/\/www.fedetabacofondo.org.co\/home\/wp-content\/uploads\/2019\/08\/Asistencia-tecnica-2019.png\"><img loading=\"lazy\" decoding=\"async\" class=\"wp-image-2071 alignleft\" src=\"http:\/\/www.fedetabacofondo.org.co\/home\/wp-content\/uploads\/2019\/08\/Asistencia-tecnica-2019.png\" alt=\"Asistencia tecnica 2019\" width=\"334\" height=\"146\" srcset=\"http:\/\/www.fedetabacofondo.org.co\/home\/wp-content\/uploads\/2019\/08\/Asistencia-tecnica-2019.png 414w, http:\/\/www.fedetabacofondo.org.co\/home\/wp-content\/uploads\/2019\/08\/Asistencia-tecnica-2019-300x131.png 300w\" sizes=\"auto, (max-width: 334px) 100vw, 334px\" \/><\/a><\/b><\/p>\n<p style=\"text-align: left;\"><b>NOMBRE<\/b><strong>:\u00a0<\/strong> Asistencia T\u00e9cnica<\/p>\n<p style=\"text-align: left;\"><b>LOCALIZACI\u00d3N:<\/b> Departamento de\u00a0 Santander,\u00a0Bol\u00edvar, Sucre y Norte de Santander,\u00a0de Huila y Boyac\u00e1\u00a0<b>\u00a0 FAMILIAS BENEFICIADAS: <\/b>A Nivel\u00a0<span style=\"color: #000000;\">Nacional<\/span><\/p>\n<div class=\"su-divider su-divider-style-double\" style=\"margin:25px 0;border-width:6px;border-color:#31c63f\"><\/div>\n<p><b><a href=\"http:\/\/www.fedetabacofondo.org.co\/home\/wp-content\/uploads\/2019\/08\/tabaco-nego-.png\"><img loading=\"lazy\" decoding=\"async\" class=\"alignleft wp-image-2073\" src=\"http:\/\/www.fedetabacofondo.org.co\/home\/wp-content\/uploads\/2019\/08\/tabaco-nego-.png\" alt=\"tabaco nego\" width=\"185\" height=\"282\" srcset=\"http:\/\/www.fedetabacofondo.org.co\/home\/wp-content\/uploads\/2019\/08\/tabaco-nego-.png 261w, http:\/\/www.fedetabacofondo.org.co\/home\/wp-content\/uploads\/2019\/08\/tabaco-nego--197x300.png 197w\" sizes=\"auto, (max-width: 185px) 100vw, 185px\" \/><\/a><\/b><\/p>\n<p style=\"text-align: left;\"><b>NOMBRE<\/b><strong>:\u00a0<\/strong>\u00a0Establecimiento de 3 hect\u00e1reas de tabaco de variedad negro para la elaboraci\u00f3n de cigarros premium<\/p>\n<p style=\"text-align: left;\"><b>LOCALIZACI\u00d3N:<\/b> Departamentos de Santander, Boyaca, Sucre, Bol\u00edvar, Valle Del Cauca y Huila<\/p>\n<p style=\"text-align: left;\"><b>FAMILIAS BENEFICIADAS:\u00a07<\/b><\/p>\n<p>&nbsp;<\/p>\n<p>&nbsp;<\/p>\n<p>&nbsp;<\/p>\n<div class=\"su-divider su-divider-style-double\" style=\"margin:25px 0;border-width:6px;border-color:#31c63f\"><\/div>\n<p><b><a href=\"http:\/\/www.fedetabacofondo.org.co\/home\/wp-content\/uploads\/2018\/07\/tabaco-seguro-de-cosecha.png\"><img loading=\"lazy\" decoding=\"async\" class=\" wp-image-1776 alignleft\" src=\"http:\/\/www.fedetabacofondo.org.co\/home\/wp-content\/uploads\/2018\/07\/tabaco-seguro-de-cosecha.png\" alt=\"tabaco seguro de cosecha\" width=\"318\" height=\"183\" srcset=\"http:\/\/www.fedetabacofondo.org.co\/home\/wp-content\/uploads\/2018\/07\/tabaco-seguro-de-cosecha.png 693w, http:\/\/www.fedetabacofondo.org.co\/home\/wp-content\/uploads\/2018\/07\/tabaco-seguro-de-cosecha-300x173.png 300w\" sizes=\"auto, (max-width: 318px) 100vw, 318px\" \/><\/a>NOMBRE<\/b><strong>:\u00a0<\/strong>Seguro de cosecha<\/p>\n<p style=\"text-align: left;\"><b>LOCALIZACI\u00d3N:<\/b> Departamento de\u00a0 Santander,\u00a0Bol\u00edvar, Sucre y Norte de Santander,\u00a0de Huila y Boyac\u00e1\u00a0<b>\u00a0\u00a0<\/b><\/p>\n<p style=\"text-align: left;\"><b>\u00a0 FAMILIAS BENEFICIADAS:\u00a0\u00a0<\/b>A Nivel\u00a0<span style=\"color: #000000;\">Nacional<\/span><\/p>\n<div class=\"su-divider su-divider-style-double\" style=\"margin:25px 0;border-width:6px;border-color:#31c63f\"><\/div>\n<p><b><a href=\"http:\/\/www.fedetabacofondo.org.co\/home\/wp-content\/uploads\/2019\/08\/IMG_8088.jpg\"><img loading=\"lazy\" decoding=\"async\" class=\"wp-image-2091 alignleft\" src=\"http:\/\/www.fedetabacofondo.org.co\/home\/wp-content\/uploads\/2019\/08\/IMG_8088.jpg\" alt=\"IMG_8088\" width=\"284\" height=\"189\" srcset=\"http:\/\/www.fedetabacofondo.org.co\/home\/wp-content\/uploads\/2019\/08\/IMG_8088.jpg 1200w, http:\/\/www.fedetabacofondo.org.co\/home\/wp-content\/uploads\/2019\/08\/IMG_8088-300x200.jpg 300w, http:\/\/www.fedetabacofondo.org.co\/home\/wp-content\/uploads\/2019\/08\/IMG_8088-1024x683.jpg 1024w\" sizes=\"auto, (max-width: 284px) 100vw, 284px\" \/><\/a><\/b><\/p>\n<p>&nbsp;<\/p>\n<p><b>NOMBRE<\/b><strong>: <strong>Coop<\/strong><strong>eraci<\/strong><strong>\u00f3n Internacional<\/strong><\/strong><\/p>\n<p style=\"text-align: left;\"><b>LOCALIZACI\u00d3N:<\/b>\u00a0\u00a0<b>Portugal- Colombia-\u00a0 \u00a0(ITGA) Internacional<\/b><\/p>\n<p style=\"text-align: left;\"><b>\u00a0 <\/b><\/p>\n<p style=\"text-align: left;\"><div class=\"su-divider su-divider-style-double\" style=\"margin:25px 0;border-width:6px;border-color:#31c63f\"><\/div>\n","protected":false},"excerpt":{"rendered":"<p>NOMBRE:\u00a0Construcci\u00f3n y Mejoramiento de vivienda de 18m2 que incluye la construcci\u00f3n de Cocina, ba\u00f1o, cubierta, lavadero e instalaciones sanitarias. LOCALIZACI\u00d3N:\u00a0Municipios Villanueva, los Santos, san Miguel, Capitanejo, Barichara, Giron, Piedecuesta, y Molagavita Departamento de Santander. \u00a0 FAMILIAS BENEFICIADAS: 70 NOMBRE:\u00a0 Asistencia T\u00e9cnica LOCALIZACI\u00d3N: Departamento de\u00a0 Santander,\u00a0Bol\u00edvar, Sucre y Norte de Santander,\u00a0de Huila y Boyac\u00e1\u00a0\u00a0 FAMILIAS BENEFICIADAS: [&hellip;]<\/p>\n","protected":false},"author":2,"featured_media":0,"parent":0,"menu_order":0,"comment_status":"closed","ping_status":"closed","template":"","meta":{"footnotes":""},"class_list":["post-2054","page","type-page","status-publish","hentry"],"_links":{"self":[{"href":"http:\/\/www.fedetabacofondo.org.co\/home\/wp-json\/wp\/v2\/pages\/2054","targetHints":{"allow":["GET"]}}],"collection":[{"href":"http:\/\/www.fedetabacofondo.org.co\/home\/wp-json\/wp\/v2\/pages"}],"about":[{"href":"http:\/\/www.fedetabacofondo.org.co\/home\/wp-json\/wp\/v2\/types\/page"}],"author":[{"embeddable":true,"href":"http:\/\/www.fedetabacofondo.org.co\/home\/wp-json\/wp\/v2\/users\/2"}],"replies":[{"embeddable":true,"href":"http:\/\/www.fedetabacofondo.org.co\/home\/wp-json\/wp\/v2\/comments?post=2054"}],"version-history":[{"count":22,"href":"http:\/\/www.fedetabacofondo.org.co\/home\/wp-json\/wp\/v2\/pages\/2054\/revisions"}],"predecessor-version":[{"id":2094,"href":"http:\/\/www.fedetabacofondo.org.co\/home\/wp-json\/wp\/v2\/pages\/2054\/revisions\/2094"}],"wp:attachment":[{"href":"http:\/\/www.fedetabacofondo.org.co\/home\/wp-json\/wp\/v2\/media?parent=2054"}],"curies":[{"name":"wp","href":"https:\/\/api.w.org\/{rel}","templated":true}]}}