{"id":361,"date":"2015-05-12T03:18:55","date_gmt":"2015-05-12T03:18:55","guid":{"rendered":"http:\/\/www.fedetabacofondo.org.co\/home\/?page_id=361"},"modified":"2015-05-19T20:18:18","modified_gmt":"2015-05-19T20:18:18","slug":"proyectos-2014","status":"publish","type":"page","link":"http:\/\/www.fedetabacofondo.org.co\/home\/proyectos-2014\/","title":{"rendered":"Proyectos 2014 &#8211; Fedetabaco"},"content":{"rendered":"<div class=\"su-divider su-divider-style-double\" style=\"margin:25px 0;border-width:6px;border-color:#31c63f\"><\/div>\n<p><strong><a href=\"http:\/\/www.fedetabacofondo.org.co\/home\/wp-content\/uploads\/2015\/05\/FEDE_20141.png\"><img loading=\"lazy\" decoding=\"async\" class=\" size-medium wp-image-431 alignleft\" src=\"http:\/\/www.fedetabacofondo.org.co\/home\/wp-content\/uploads\/2015\/05\/FEDE_20141-300x187.png\" alt=\"FEDE_2014(1)\" width=\"300\" height=\"187\" \/><\/a>NOMBRE:\u00a0<\/strong>Apoyo para la realizaci\u00f3n de un programa de transferencia de tecnolog\u00eda en manejo de suelos y labores agr\u00edcolas.<\/p>\n<p><strong>LOCALIZACI\u00d3N:<\/strong> Provincia de Garc\u00eda Rovira.<\/p>\n<p><strong>FAMILIAS BENEFICIADAS:\u00a0<\/strong> 400<\/p>\n<p style=\"text-align: left;\"><div class=\"su-divider su-divider-style-double\" style=\"margin:25px 0;border-width:6px;border-color:#31c63f\"><\/div>\n<p style=\"text-align: left;\"><strong><a href=\"http:\/\/www.fedetabacofondo.org.co\/home\/wp-content\/uploads\/2015\/05\/FEDE_20142.png\"><img loading=\"lazy\" decoding=\"async\" class=\" size-medium wp-image-432 alignleft\" src=\"http:\/\/www.fedetabacofondo.org.co\/home\/wp-content\/uploads\/2015\/05\/FEDE_20142-300x187.png\" alt=\"FEDE_2014(2)\" width=\"300\" height=\"187\" \/><\/a>NOMBRE:\u00a0<\/strong>Apoyo a eventos de comercializaci\u00f3n y exposici\u00f3n \u00a0agropecuaria.<\/p>\n<p style=\"text-align: left;\"><strong>LOCALIZACI\u00d3N:\u00a0<\/strong>Departamento de Santander.<\/p>\n<p style=\"text-align: left;\"><strong>FAMILIAS BENEFICIADAS:\u00a0<\/strong>61<\/p>\n<p style=\"text-align: left;\"><div class=\"su-divider su-divider-style-double\" style=\"margin:25px 0;border-width:6px;border-color:#31c63f\"><\/div>\n<p style=\"text-align: left;\"><a href=\"http:\/\/www.fedetabacofondo.org.co\/home\/wp-content\/uploads\/2015\/05\/FEDE_20143.png\"><img loading=\"lazy\" decoding=\"async\" class=\" size-medium wp-image-433 alignleft\" src=\"http:\/\/www.fedetabacofondo.org.co\/home\/wp-content\/uploads\/2015\/05\/FEDE_20143-300x187.png\" alt=\"FEDE_2014(3)\" width=\"300\" height=\"187\" \/><\/a><\/p>\n<p style=\"text-align: left;\">\u00a0<strong>NOMBRE:\u00a0<\/strong>Apoyo para el suministro de tanques para almacenar \u00a0aguas lluvias.<\/p>\n<p style=\"text-align: left;\"><strong>LOCALIZACI\u00d3N:\u00a0<\/strong>Municipio de Los Santos, Dpto de Santander.<\/p>\n<p style=\"text-align: left;\"><strong>FAMILIAS BENEFICIADAS:\u00a0<\/strong>156<\/p>\n<p style=\"text-align: left;\"><div class=\"su-divider su-divider-style-double\" style=\"margin:25px 0;border-width:6px;border-color:#31c63f\"><\/div>\n<p style=\"text-align: left;\"><a href=\"http:\/\/www.fedetabacofondo.org.co\/home\/wp-content\/uploads\/2015\/05\/FEDE_20144.png\"><img loading=\"lazy\" decoding=\"async\" class=\" size-medium wp-image-434 alignleft\" src=\"http:\/\/www.fedetabacofondo.org.co\/home\/wp-content\/uploads\/2015\/05\/FEDE_20144-300x187.png\" alt=\"FEDE_2014(4)\" width=\"300\" height=\"187\" \/><\/a><strong>NOMBRE:\u00a0<\/strong>Apoyo para la implementaci\u00f3n de unidades \u00a0productivas.<\/p>\n<p style=\"text-align: left;\"><strong>LOCALIZACI\u00d3N:\u00a0<\/strong>Municipio P\u00e1ramo, Dpto de Santander.<\/p>\n<p style=\"text-align: left;\"><strong>FAMILIAS BENEFICIADAS:\u00a0<\/strong>50<\/p>\n<p style=\"text-align: left;\"><div class=\"su-divider su-divider-style-double\" style=\"margin:25px 0;border-width:6px;border-color:#31c63f\"><\/div>\n<p style=\"text-align: left;\"><a href=\"http:\/\/www.fedetabacofondo.org.co\/home\/wp-content\/uploads\/2015\/05\/FEDE_20145.png\"><img loading=\"lazy\" decoding=\"async\" class=\" size-medium wp-image-435 alignleft\" src=\"http:\/\/www.fedetabacofondo.org.co\/home\/wp-content\/uploads\/2015\/05\/FEDE_20145-300x187.png\" alt=\"FEDE_2014(5)\" width=\"300\" height=\"187\" \/><\/a><\/p>\n<p style=\"text-align: left;\"><strong>NOMBRE:\u00a0<\/strong>Apoyar las 28 propuestas de j\u00f3venes Rurales Calificadas y aprobadas por la CCI \u00a0desarrolladas dentro de la cadena productiva del \u00a0gremio y asignarles recursos de cofinanciaci\u00f3n en el \u00a0marco del convenio interadministrativo No 0214 MADR- \u00a0CCI y en cumplimiento de las actividades establecidas \u00a0en el plan operativo del mismo.<\/p>\n<p style=\"text-align: left;\"><div class=\"su-divider su-divider-style-double\" style=\"margin:25px 0;border-width:6px;border-color:#31c63f\"><\/div>\n<p style=\"text-align: left;\"><a href=\"http:\/\/www.fedetabacofondo.org.co\/home\/wp-content\/uploads\/2015\/05\/FEDE_20146.png\"><img loading=\"lazy\" decoding=\"async\" class=\" size-medium wp-image-436 alignleft\" src=\"http:\/\/www.fedetabacofondo.org.co\/home\/wp-content\/uploads\/2015\/05\/FEDE_20146-300x187.png\" alt=\"FEDE_2014(6)\" width=\"300\" height=\"187\" \/><\/a><\/p>\n<p style=\"text-align: left;\"><strong>NOMBRE:\u00a0<\/strong>Apoyo para la construcci\u00f3n de \u00a0tanques para el \u00a0almacenamiento de agua.<\/p>\n<p style=\"text-align: left;\"><strong>LOCALIZACI\u00d3N:\u00a0<\/strong>\u00a0Municipio de Aratoca, Dpto de Santander.<\/p>\n<p style=\"text-align: left;\"><strong>FAMILIAS BENEFICIADAS:\u00a0<\/strong>30<\/p>\n<p style=\"text-align: left;\"><div class=\"su-divider su-divider-style-double\" style=\"margin:25px 0;border-width:6px;border-color:#31c63f\"><\/div>\n<p style=\"text-align: left;\"><a href=\"http:\/\/www.fedetabacofondo.org.co\/home\/wp-content\/uploads\/2015\/05\/FEDE_20147.png\"><img loading=\"lazy\" decoding=\"async\" class=\" size-medium wp-image-437 alignleft\" src=\"http:\/\/www.fedetabacofondo.org.co\/home\/wp-content\/uploads\/2015\/05\/FEDE_20147-300x187.png\" alt=\"FEDE_2014(7)\" width=\"300\" height=\"187\" \/><\/a><\/p>\n<p style=\"text-align: left;\"><strong>NOMBRE:\u00a0<\/strong>Apoyo para la construcci\u00f3n de caneyes para el curado de tabaco bajo sistemas de hachado.<\/p>\n<p style=\"text-align: left;\"><strong>LOCALIZACI\u00d3N:\u00a0<\/strong>Provinvia Guanentina, Dpto de Santander.<\/p>\n<p style=\"text-align: left;\"><strong>FAMILIAS BENEFICIADAS:\u00a0<\/strong>37<\/p>\n<p style=\"text-align: left;\"><div class=\"su-divider su-divider-style-double\" style=\"margin:25px 0;border-width:6px;border-color:#31c63f\"><\/div>\n<p style=\"text-align: left;\"><strong>NOMBRE:\u00a0<\/strong><\/p>\n<p style=\"text-align: left;\"><strong>LOCALIZACI\u00d3N:\u00a0<\/strong><\/p>\n<p style=\"text-align: left;\"><strong>FAMILIAS BENEFICIADAS:\u00a0<\/strong><\/p>\n","protected":false},"excerpt":{"rendered":"<p>NOMBRE:\u00a0Apoyo para la realizaci\u00f3n de un programa de transferencia de tecnolog\u00eda en manejo de suelos y labores agr\u00edcolas. LOCALIZACI\u00d3N: Provincia de Garc\u00eda Rovira. FAMILIAS BENEFICIADAS:\u00a0 400 NOMBRE:\u00a0Apoyo a eventos de comercializaci\u00f3n y exposici\u00f3n \u00a0agropecuaria. LOCALIZACI\u00d3N:\u00a0Departamento de Santander. FAMILIAS BENEFICIADAS:\u00a061 \u00a0NOMBRE:\u00a0Apoyo para el suministro de tanques para almacenar \u00a0aguas lluvias. LOCALIZACI\u00d3N:\u00a0Municipio de Los Santos, Dpto de [&hellip;]<\/p>\n","protected":false},"author":3,"featured_media":0,"parent":0,"menu_order":0,"comment_status":"closed","ping_status":"closed","template":"","meta":{"footnotes":""},"class_list":["post-361","page","type-page","status-publish","hentry"],"_links":{"self":[{"href":"http:\/\/www.fedetabacofondo.org.co\/home\/wp-json\/wp\/v2\/pages\/361","targetHints":{"allow":["GET"]}}],"collection":[{"href":"http:\/\/www.fedetabacofondo.org.co\/home\/wp-json\/wp\/v2\/pages"}],"about":[{"href":"http:\/\/www.fedetabacofondo.org.co\/home\/wp-json\/wp\/v2\/types\/page"}],"author":[{"embeddable":true,"href":"http:\/\/www.fedetabacofondo.org.co\/home\/wp-json\/wp\/v2\/users\/3"}],"replies":[{"embeddable":true,"href":"http:\/\/www.fedetabacofondo.org.co\/home\/wp-json\/wp\/v2\/comments?post=361"}],"version-history":[{"count":21,"href":"http:\/\/www.fedetabacofondo.org.co\/home\/wp-json\/wp\/v2\/pages\/361\/revisions"}],"predecessor-version":[{"id":464,"href":"http:\/\/www.fedetabacofondo.org.co\/home\/wp-json\/wp\/v2\/pages\/361\/revisions\/464"}],"wp:attachment":[{"href":"http:\/\/www.fedetabacofondo.org.co\/home\/wp-json\/wp\/v2\/media?parent=361"}],"curies":[{"name":"wp","href":"https:\/\/api.w.org\/{rel}","templated":true}]}}