{"id":381,"date":"2015-05-21T16:27:24","date_gmt":"2015-05-21T16:27:24","guid":{"rendered":"http:\/\/www.fedetabacofondo.org.co\/home\/?page_id=381"},"modified":"2015-05-21T16:38:29","modified_gmt":"2015-05-21T16:38:29","slug":"reconocimiento-al-merito-tabacalero","status":"publish","type":"page","link":"http:\/\/www.fedetabacofondo.org.co\/home\/reconocimiento-al-merito-tabacalero\/","title":{"rendered":"Reconocimiento al Merito Tabacalero"},"content":{"rendered":"<p>Condecoraci\u00f3n \u00a0al Sr. Juan Alvarez Viviescas<\/p>\n<div class=\"su-list su-list-style-\">\n<ul>\n<li><i class=\"fa fa-leaf\" style=\"color:#2d7443\"><\/i> Mediante Resoluci\u00f3n 001 del 2015 la junta directiva de FEDETABACO\u00a0creo el reconocimiento al merito tabacalero con el fin de exaltar\u00a0p\u00fablicamente a los cultivadores de tabaco como personas que contribuyen al progreso y el desarrollo del sector.<\/li>\n<li><i class=\"fa fa-leaf\" style=\"color:#2d7443\"><\/i> Que por el trabajo ininterrumpido durante 67 a\u00f1os cultivando la hoja de tabaco, se convierte en uno de los agricultores con mas trayectoria en el sector tabacalero.<\/li>\n<li><i class=\"fa fa-leaf\" style=\"color:#2d7443\"><\/i> Que por la dedicaci\u00f3n durante 38 a\u00f1os de su vida como directivo en el gremio tabacalero y su participaci\u00f3n activa en las decisiones trascendentales del sector desde 1980<\/li>\n<\/ul>\n<\/div>\n<div id=\"su_carousel_6a0392ffc95ad\" class=\"su-carousel su-carousel-centered su-carousel-pages-no su-carousel-responsive-yes\" style=\"width:100%\" data-autoplay=\"5000\" data-speed=\"500\" data-mousewheel=\"false\" data-items=\"3\" data-scroll=\"1\"><div class=\"su-carousel-slides\"><div class=\"su-carousel-slide\"><a><img decoding=\"async\" src=\"http:\/\/www.fedetabacofondo.org.co\/home\/wp-content\/uploads\/2015\/05\/Img_Cond_3-249x300.jpg\" alt=\"Img_Cond_3\" \/><\/a><\/div><div class=\"su-carousel-slide\"><a><img decoding=\"async\" src=\"http:\/\/www.fedetabacofondo.org.co\/home\/wp-content\/uploads\/2015\/05\/Img_Cond_2-249x300.jpg\" alt=\"Img_Cond_2\" \/><\/a><\/div><div class=\"su-carousel-slide\"><a><img decoding=\"async\" src=\"http:\/\/www.fedetabacofondo.org.co\/home\/wp-content\/uploads\/2015\/05\/Img_Cond_1-249x300.jpg\" alt=\"Img_Cond_1\" \/><\/a><\/div><\/div><div class=\"su-carousel-nav\"><div class=\"su-carousel-direction\"><span class=\"su-carousel-prev\"><\/span><span class=\"su-carousel-next\"><\/span><\/div><div class=\"su-carousel-pagination\"><\/div><\/div><\/div>\n","protected":false},"excerpt":{"rendered":"<p>Condecoraci\u00f3n \u00a0al Sr. Juan Alvarez Viviescas<\/p>\n","protected":false},"author":3,"featured_media":0,"parent":0,"menu_order":0,"comment_status":"closed","ping_status":"closed","template":"","meta":{"footnotes":""},"class_list":["post-381","page","type-page","status-publish","hentry"],"_links":{"self":[{"href":"http:\/\/www.fedetabacofondo.org.co\/home\/wp-json\/wp\/v2\/pages\/381","targetHints":{"allow":["GET"]}}],"collection":[{"href":"http:\/\/www.fedetabacofondo.org.co\/home\/wp-json\/wp\/v2\/pages"}],"about":[{"href":"http:\/\/www.fedetabacofondo.org.co\/home\/wp-json\/wp\/v2\/types\/page"}],"author":[{"embeddable":true,"href":"http:\/\/www.fedetabacofondo.org.co\/home\/wp-json\/wp\/v2\/users\/3"}],"replies":[{"embeddable":true,"href":"http:\/\/www.fedetabacofondo.org.co\/home\/wp-json\/wp\/v2\/comments?post=381"}],"version-history":[{"count":9,"href":"http:\/\/www.fedetabacofondo.org.co\/home\/wp-json\/wp\/v2\/pages\/381\/revisions"}],"predecessor-version":[{"id":499,"href":"http:\/\/www.fedetabacofondo.org.co\/home\/wp-json\/wp\/v2\/pages\/381\/revisions\/499"}],"wp:attachment":[{"href":"http:\/\/www.fedetabacofondo.org.co\/home\/wp-json\/wp\/v2\/media?parent=381"}],"curies":[{"name":"wp","href":"https:\/\/api.w.org\/{rel}","templated":true}]}}