{"id":448,"date":"2015-05-19T20:14:18","date_gmt":"2015-05-19T20:14:18","guid":{"rendered":"http:\/\/www.fedetabacofondo.org.co\/home\/?page_id=448"},"modified":"2015-05-19T20:18:42","modified_gmt":"2015-05-19T20:18:42","slug":"proyectos-2014-2","status":"publish","type":"page","link":"http:\/\/www.fedetabacofondo.org.co\/home\/proyectos-2014-2\/","title":{"rendered":"Proyectos 2014 &#8211; FNT"},"content":{"rendered":"<div class=\"su-divider su-divider-style-double\" style=\"margin:25px 0;border-width:6px;border-color:#31c63f\"><\/div>\n<p><a href=\"http:\/\/www.fedetabacofondo.org.co\/home\/wp-content\/uploads\/2015\/05\/FNT_20142.png\"><img loading=\"lazy\" decoding=\"async\" class=\" wp-image-450 size-medium alignleft\" src=\"http:\/\/www.fedetabacofondo.org.co\/home\/wp-content\/uploads\/2015\/05\/FNT_20142-300x187.png\" alt=\"Infraestructura para el Secado de Tabaco\" width=\"300\" height=\"187\" \/><\/a><\/p>\n<p><strong>NOMBRE:\u00a0<\/strong>Apoyo para la construcci\u00f3n de jag\u00fceyes en zonas \u00a0tabacaleras.<\/p>\n<p><strong>LOCALIZACI\u00d3N:\u00a0<\/strong>Provincias Ganentina y Soto del Dpto de \u00a0Santander.<\/p>\n<p><strong>FAMILIAS BENEFICIADAS:\u00a0<\/strong>130<\/p>\n<div class=\"su-divider su-divider-style-double\" style=\"margin:25px 0;border-width:6px;border-color:#31c63f\"><\/div>\n<p><a href=\"http:\/\/www.fedetabacofondo.org.co\/home\/wp-content\/uploads\/2015\/05\/FNT_20144.png\"><img loading=\"lazy\" decoding=\"async\" class=\" size-medium wp-image-452 alignleft\" src=\"http:\/\/www.fedetabacofondo.org.co\/home\/wp-content\/uploads\/2015\/05\/FNT_20144-300x187.png\" alt=\"FNT_2014(4)\" width=\"300\" height=\"187\" \/><\/a><\/p>\n<p><strong>NOMBRE:\u00a0<\/strong>\u00a0Adecuaci\u00f3n de la infraestructura f\u00edsica de las bater\u00edas \u00a0de horno.<\/p>\n<p><strong>LOCALIZACI\u00d3N:\u00a0<\/strong>Municipios de Garzon, El Agrado, y Altamira \u00a0en el Dpto de Huila.<\/p>\n<p><strong>FAMILIAS BENEFICIADAS:\u00a0<\/strong>19<\/p>\n<div class=\"su-divider su-divider-style-double\" style=\"margin:25px 0;border-width:6px;border-color:#31c63f\"><\/div>\n<p><a href=\"http:\/\/www.fedetabacofondo.org.co\/home\/wp-content\/uploads\/2015\/05\/FNT_20146.png\"><img loading=\"lazy\" decoding=\"async\" class=\" size-medium wp-image-454 alignleft\" src=\"http:\/\/www.fedetabacofondo.org.co\/home\/wp-content\/uploads\/2015\/05\/FNT_20146-300x187.png\" alt=\"FNT_2014(6)\" width=\"300\" height=\"187\" \/><\/a><\/p>\n<p><strong>NOMBRE:\u00a0<\/strong>Construcci\u00f3n de bodegas para el almacenamiento de \u00a0agroinsumos y tabaco.<\/p>\n<p><strong>LOCALIZACI\u00d3N:\u00a0<\/strong>Municipio de Abrego, Dpto Norte de \u00a0Santander.<\/p>\n<p><strong>FAMILIAS BENEFICIADAS:\u00a0<\/strong>50<\/p>\n<div class=\"su-divider su-divider-style-double\" style=\"margin:25px 0;border-width:6px;border-color:#31c63f\"><\/div>\n<p><a href=\"http:\/\/www.fedetabacofondo.org.co\/home\/wp-content\/uploads\/2015\/05\/FNT_20148.png\"><img loading=\"lazy\" decoding=\"async\" class=\" size-medium wp-image-456 alignleft\" src=\"http:\/\/www.fedetabacofondo.org.co\/home\/wp-content\/uploads\/2015\/05\/FNT_20148-300x187.png\" alt=\"FNT_2014(8)\" width=\"300\" height=\"187\" \/><\/a><\/p>\n<p><strong><br \/>\nNOMBRE:\u00a0<\/strong>Aporte a la asistencia t\u00e9cnica.<\/p>\n<p>&nbsp;<\/p>\n<p><strong>FAMILIAS BENEFICIADAS: <\/strong>980<\/p>\n<div class=\"su-divider su-divider-style-double\" style=\"margin:25px 0;border-width:6px;border-color:#31c63f\"><\/div>\n<p><a href=\"http:\/\/www.fedetabacofondo.org.co\/home\/wp-content\/uploads\/2015\/05\/FNT_201410.png\"><img loading=\"lazy\" decoding=\"async\" class=\" size-medium wp-image-458 alignleft\" src=\"http:\/\/www.fedetabacofondo.org.co\/home\/wp-content\/uploads\/2015\/05\/FNT_201410-300x187.png\" alt=\"FNT_2014(10)\" width=\"300\" height=\"187\" \/><\/a><\/p>\n<p><strong>NOMBRE:\u00a0<\/strong>Apoyo para la construcci\u00f3n de un tanque de 190 m3 \u00a0para el almacenamiento y distribuci\u00f3n de agua.<\/p>\n<p><strong>LOCALIZACI\u00d3N:\u00a0<\/strong>Vereda Santa Helena, Municipio de \u00a0Barichara, Dpto de Santander.<\/p>\n<p><strong>FAMILIAS BENEFICIADAS: <\/strong>210<\/p>\n<div class=\"su-divider su-divider-style-double\" style=\"margin:25px 0;border-width:6px;border-color:#31c63f\"><\/div>\n<p><a href=\"http:\/\/www.fedetabacofondo.org.co\/home\/wp-content\/uploads\/2015\/05\/FNT_201411.png\"><img loading=\"lazy\" decoding=\"async\" class=\" size-medium wp-image-459 alignleft\" src=\"http:\/\/www.fedetabacofondo.org.co\/home\/wp-content\/uploads\/2015\/05\/FNT_201411-300x187.png\" alt=\"FNT_2014(11)\" width=\"300\" height=\"187\" \/><\/a><\/p>\n<p><strong>NOMBRE: <\/strong>Seguro de \u00a0cosecha 2014.<\/p>\n<p><strong>LOCALIZACI\u00d3N:\u00a0<\/strong>Huila, Santander, Sucre, Norte de Santander,<br \/>\nBoyac\u00e1,\u00a0Bol\u00edvar \u00a0Valle del Cauca, Quindio, Caldas y Risaralda.<\/p>\n<p><span style=\"color: #000000;\"><b>\u00c1REA<\/b><\/span><strong>\u00a0ASEGURADA:<\/strong> 2.554 Ha<\/p>\n<div class=\"su-divider su-divider-style-double\" style=\"margin:25px 0;border-width:6px;border-color:#31c63f\"><\/div>\n<p><a href=\"http:\/\/www.fedetabacofondo.org.co\/home\/wp-content\/uploads\/2015\/05\/FNT_201412.png\"><img loading=\"lazy\" decoding=\"async\" class=\" size-medium wp-image-460 alignleft\" src=\"http:\/\/www.fedetabacofondo.org.co\/home\/wp-content\/uploads\/2015\/05\/FNT_201412-300x187.png\" alt=\"FNT_2014(12)\" width=\"300\" height=\"187\" \/><\/a><\/p>\n<p><strong>NOMBRE:\u00a0<\/strong>Seguro de vida.<\/p>\n<p><strong>LOCALIZACI\u00d3N:\u00a0<\/strong>Santander, Sucre, Bol\u00edvar, Boyaca, Norte de Santander, Huila, Valle del Cauca, Caldas y Cesa<strong>r.<\/strong><\/p>\n<p><strong>FAMILIAS ASEGURADAS: <\/strong>963<\/p>\n<div class=\"su-divider su-divider-style-double\" style=\"margin:25px 0;border-width:6px;border-color:#31c63f\"><\/div>\n<p><a href=\"http:\/\/www.fedetabacofondo.org.co\/home\/wp-content\/uploads\/2015\/05\/otros.png\"><img loading=\"lazy\" decoding=\"async\" class=\"alignnone wp-image-461 size-full\" src=\"http:\/\/www.fedetabacofondo.org.co\/home\/wp-content\/uploads\/2015\/05\/otros.png\" alt=\"otros\" width=\"647\" height=\"233\" srcset=\"http:\/\/www.fedetabacofondo.org.co\/home\/wp-content\/uploads\/2015\/05\/otros.png 647w, http:\/\/www.fedetabacofondo.org.co\/home\/wp-content\/uploads\/2015\/05\/otros-300x108.png 300w\" sizes=\"auto, (max-width: 647px) 100vw, 647px\" \/><\/a><\/p>\n<div class=\"su-divider su-divider-style-double\" style=\"margin:25px 0;border-width:6px;border-color:#31c63f\"><\/div>\n","protected":false},"excerpt":{"rendered":"<p>NOMBRE:\u00a0Apoyo para la construcci\u00f3n de jag\u00fceyes en zonas \u00a0tabacaleras. LOCALIZACI\u00d3N:\u00a0Provincias Ganentina y Soto del Dpto de \u00a0Santander. FAMILIAS BENEFICIADAS:\u00a0130 NOMBRE:\u00a0\u00a0Adecuaci\u00f3n de la infraestructura f\u00edsica de las bater\u00edas \u00a0de horno. LOCALIZACI\u00d3N:\u00a0Municipios de Garzon, El Agrado, y Altamira \u00a0en el Dpto de Huila. FAMILIAS BENEFICIADAS:\u00a019 NOMBRE:\u00a0Construcci\u00f3n de bodegas para el almacenamiento de \u00a0agroinsumos y tabaco. LOCALIZACI\u00d3N:\u00a0Municipio de [&hellip;]<\/p>\n","protected":false},"author":3,"featured_media":0,"parent":0,"menu_order":0,"comment_status":"closed","ping_status":"closed","template":"","meta":{"footnotes":""},"class_list":["post-448","page","type-page","status-publish","hentry"],"_links":{"self":[{"href":"http:\/\/www.fedetabacofondo.org.co\/home\/wp-json\/wp\/v2\/pages\/448","targetHints":{"allow":["GET"]}}],"collection":[{"href":"http:\/\/www.fedetabacofondo.org.co\/home\/wp-json\/wp\/v2\/pages"}],"about":[{"href":"http:\/\/www.fedetabacofondo.org.co\/home\/wp-json\/wp\/v2\/types\/page"}],"author":[{"embeddable":true,"href":"http:\/\/www.fedetabacofondo.org.co\/home\/wp-json\/wp\/v2\/users\/3"}],"replies":[{"embeddable":true,"href":"http:\/\/www.fedetabacofondo.org.co\/home\/wp-json\/wp\/v2\/comments?post=448"}],"version-history":[{"count":2,"href":"http:\/\/www.fedetabacofondo.org.co\/home\/wp-json\/wp\/v2\/pages\/448\/revisions"}],"predecessor-version":[{"id":465,"href":"http:\/\/www.fedetabacofondo.org.co\/home\/wp-json\/wp\/v2\/pages\/448\/revisions\/465"}],"wp:attachment":[{"href":"http:\/\/www.fedetabacofondo.org.co\/home\/wp-json\/wp\/v2\/media?parent=448"}],"curies":[{"name":"wp","href":"https:\/\/api.w.org\/{rel}","templated":true}]}}