{"id":50,"date":"2015-05-05T16:57:17","date_gmt":"2015-05-05T16:57:17","guid":{"rendered":"http:\/\/www.fedetabacofondo.org.co\/home\/?page_id=50"},"modified":"2019-08-12T16:05:18","modified_gmt":"2019-08-12T16:05:18","slug":"mision-y-vision","status":"publish","type":"page","link":"http:\/\/www.fedetabacofondo.org.co\/home\/mision-y-vision\/","title":{"rendered":"Acerca del FNT"},"content":{"rendered":"<div class=\"su-button-center\"><a href=\"http:\/\/www.fedetabacofondo.org.co\/home\/?p=50\" class=\"su-button su-button-style-soft su-button-wide\" style=\"color:#000000;background-color:#469346;border-color:#387638;border-radius:7px;-moz-border-radius:7px;-webkit-border-radius:7px\" target=\"_self\"><span style=\"color:#000000;padding:0px 20px;font-size:16px;line-height:32px;border-color:#7eb37e;border-radius:7px;-moz-border-radius:7px;-webkit-border-radius:7px;text-shadow:0px 0px 5px #ffffff;-moz-text-shadow:0px 0px 5px #ffffff;-webkit-text-shadow:0px 0px 5px #ffffff\"> \u00a0 \u00a0BOLETINES\u00a0 F.N.T.\u00a0 \u00a0<\/span><\/a><\/div>\n<p><a href=\"http:\/\/www.fedetabacofondo.org.co\/home\/wp-content\/uploads\/2015\/05\/VOLANTE-1.png\"><img loading=\"lazy\" decoding=\"async\" class=\"wp-image-1988 aligncenter\" src=\"http:\/\/www.fedetabacofondo.org.co\/home\/wp-content\/uploads\/2015\/05\/VOLANTE-1.png\" alt=\"VOLANTE 1\" width=\"153\" height=\"265\" srcset=\"http:\/\/www.fedetabacofondo.org.co\/home\/wp-content\/uploads\/2015\/05\/VOLANTE-1.png 364w, http:\/\/www.fedetabacofondo.org.co\/home\/wp-content\/uploads\/2015\/05\/VOLANTE-1-173x300.png 173w\" sizes=\"auto, (max-width: 153px) 100vw, 153px\" \/><\/a><a href=\"http:\/\/www.fedetabacofondo.org.co\/home\/wp-content\/uploads\/2015\/05\/plegable-1-.pdf\">BOLET\u00cdN 1<\/a><\/p>\n<p><a href=\"http:\/\/www.fedetabacofondo.org.co\/home\/wp-content\/uploads\/2015\/05\/plegable-INVERSIONES-FNT-2-1.pdf\">BOLETIN 2<\/a><\/p>\n<p><a href=\"http:\/\/www.fedetabacofondo.org.co\/home\/wp-content\/uploads\/2015\/05\/PLEGABLE-1.-2019-FNT.pdf\">BOLETIN 1. 2019<\/a><\/p>\n<div class=\"su-divider su-divider-style-double\" style=\"margin:25px 0;border-width:6px;border-color:#31c63f\"><\/div>\n<h2 style=\"text-align: center;\"><span style=\"color: #808000;\"><em><strong><span style=\"color: #003300;\">ESTRUCTURA ADMINISTRATIVA<\/span>\u00a0<\/strong><\/em><\/span><\/h2>\n<p>El Fondo Nacional de Tabaco cuenta con una estructura administrativa compuesta por el Comit\u00e9 Directivo el cual est\u00e1 integrado por 2 representantes del Ministerio de Agricultura y Desarrollo Rural, 4 representantes de los cultivadores de tabaco y un representante de la Asociaci\u00f3n Nacional de Usuarios Campesinos ANUC.<\/p>\n<p>De acuerdo a la ley 534 de 1.999 en el Art\u00edculo 9\u00ba par\u00e1grafo primero establece: \u201cLos representantes de los productores de tabaco ser\u00e1n nombrados por la Asamblea General de FEDETABACO, dando representaci\u00f3n a todas las zonas tabacaleras del pa\u00eds siguiendo el procedimiento se\u00f1alado en el Art\u00edculo 43 de la Ley 188 de 1.995 por un periodo de 2 a\u00f1os y podr\u00e1n ser reelegidos\u201d as\u00ed las cosas los integrantes al Comit\u00e9 por parte de FEDETABACO quedo de la siguiente manera:<\/p>\n<p>&nbsp;<\/p>\n<div class=\"su-table\">\n<table style=\"height: 315px;\" width=\"762\">\n<tbody>\n<tr>\n<td style=\"text-align: center;\"><strong>NOMBRE<\/strong><\/td>\n<td style=\"text-align: right;\"><strong>REGI\u00d3N \u00a0 \u00a0 \u00a0 \u00a0 \u00a0 \u00a0 \u00a0 \u00a0 \u00a0\u00a0<\/strong><\/td>\n<td style=\"text-align: center;\"><strong>GREMIO<\/strong><\/td>\n<\/tr>\n<tr>\n<td style=\"text-align: justify;\">Alvaro Macias Gomez<\/td>\n<td>\u00a0 \u00a0 \u00a0 \u00a0Santander<\/td>\n<td style=\"text-align: justify;\">FEDETABACO<\/td>\n<\/tr>\n<tr style=\"text-align: justify;\">\n<td>Maria Esperanza Estupi\u00f1an<\/td>\n<td>Boyac\u00e1 y \u00a0Santander<\/td>\n<td>FEDETABACO<\/td>\n<\/tr>\n<tr style=\"text-align: justify;\">\n<td>Jose Gregorio Samia Acosta<\/td>\n<td>Sucre y Bol\u00edvar y<\/p>\n<p>Norte de Santander<\/td>\n<td>FEDETABACO<\/td>\n<\/tr>\n<tr>\n<td style=\"text-align: justify;\">Lina Maria Guzman Suarez<\/td>\n<td style=\"text-align: left;\">\u00a0 \u00a0 \u00a0 Huila<\/td>\n<td style=\"text-align: justify;\">FEDETABACO<\/td>\n<\/tr>\n<\/tbody>\n<\/table>\n<\/div>\n<p>&nbsp;<\/p>\n<p>Los dem\u00e1s \u00a0integrantes del comit\u00e9 Directivo del Fondo en la vigencia 2.016 fueron:<\/p>\n<p>&nbsp;<\/p>\n<div class=\"su-table\">\n<table style=\"height: 167px;\" width=\"748\">\n<tbody>\n<tr>\n<td>Oscar Mauricio Bernal Vargas<\/td>\n<td>Ministerio de Agricultura-Cadenas Productivas<\/td>\n<\/tr>\n<tr>\n<td>\u00a0Paulina\u00a0 Andrea Zuleta<\/td>\n<td>Ministerio de Agricultura \u2013 Desarrollo Rural<\/td>\n<\/tr>\n<tr>\n<td>\u00a0Maria Cristina Jimenez<\/td>\n<td>Ministerio de Agricultura &#8211; Desarrollo Rural.<\/td>\n<\/tr>\n<tr>\n<td><\/td>\n<td>ANUC<\/td>\n<\/tr>\n<\/tbody>\n<\/table>\n<\/div>\n<p>&nbsp;<\/p>\n<p>Heliodoro Campos Castillo<br \/>\n<em>Administrador del Fondo Nacional del Tabaco\u00a0<\/em><\/p>\n","protected":false},"excerpt":{"rendered":"<p>BOLET\u00cdN 1 BOLETIN 2 BOLETIN 1. 2019 ESTRUCTURA ADMINISTRATIVA\u00a0 El Fondo Nacional de Tabaco cuenta con una estructura administrativa compuesta por el Comit\u00e9 Directivo el cual est\u00e1 integrado por 2 representantes del Ministerio de Agricultura y Desarrollo Rural, 4 representantes de los cultivadores de tabaco y un representante de la Asociaci\u00f3n Nacional de Usuarios Campesinos [&hellip;]<\/p>\n","protected":false},"author":3,"featured_media":0,"parent":0,"menu_order":0,"comment_status":"closed","ping_status":"closed","template":"","meta":{"footnotes":""},"class_list":["post-50","page","type-page","status-publish","hentry"],"_links":{"self":[{"href":"http:\/\/www.fedetabacofondo.org.co\/home\/wp-json\/wp\/v2\/pages\/50","targetHints":{"allow":["GET"]}}],"collection":[{"href":"http:\/\/www.fedetabacofondo.org.co\/home\/wp-json\/wp\/v2\/pages"}],"about":[{"href":"http:\/\/www.fedetabacofondo.org.co\/home\/wp-json\/wp\/v2\/types\/page"}],"author":[{"embeddable":true,"href":"http:\/\/www.fedetabacofondo.org.co\/home\/wp-json\/wp\/v2\/users\/3"}],"replies":[{"embeddable":true,"href":"http:\/\/www.fedetabacofondo.org.co\/home\/wp-json\/wp\/v2\/comments?post=50"}],"version-history":[{"count":45,"href":"http:\/\/www.fedetabacofondo.org.co\/home\/wp-json\/wp\/v2\/pages\/50\/revisions"}],"predecessor-version":[{"id":2041,"href":"http:\/\/www.fedetabacofondo.org.co\/home\/wp-json\/wp\/v2\/pages\/50\/revisions\/2041"}],"wp:attachment":[{"href":"http:\/\/www.fedetabacofondo.org.co\/home\/wp-json\/wp\/v2\/media?parent=50"}],"curies":[{"name":"wp","href":"https:\/\/api.w.org\/{rel}","templated":true}]}}