{"id":501,"date":"2015-05-21T16:44:18","date_gmt":"2015-05-21T16:44:18","guid":{"rendered":"http:\/\/www.fedetabacofondo.org.co\/home\/?page_id=501"},"modified":"2015-05-21T17:02:51","modified_gmt":"2015-05-21T17:02:51","slug":"proyectos-2013","status":"publish","type":"page","link":"http:\/\/www.fedetabacofondo.org.co\/home\/proyectos-2013\/","title":{"rendered":"Proyectos 2013 &#8211; Fedetabaco"},"content":{"rendered":"<div class=\"su-divider su-divider-style-double\" style=\"margin:25px 0;border-width:6px;border-color:#31c63f\"><\/div>\n<strong>NOMBRE:\u00a0<\/strong>Construcci\u00f3n tanque de almacenamiento de agua.<\/p>\n<p><strong>LOCALIZACI\u00d3N:\u00a0<\/strong>Municipio Barichara, Vereda Lubigara.<\/p>\n<p><strong>FAMILIAS BENEFICIADAS:<\/strong> 780<br \/>\n<div class=\"su-divider su-divider-style-double\" style=\"margin:25px 0;border-width:6px;border-color:#31c63f\"><\/div>\n<p><strong>NOMBRE:\u00a0Construcci\u00f3n de \u00a0tanques para almacenamiento de agua lluvia.<\/strong><\/p>\n<p><strong>LOCALIZACI\u00d3N:\u00a0<\/strong>Municipios de Villanueva, Barichara, Los Santos, Curit\u00ed, San Gil y Aratoca.<\/p>\n<p><strong>FAMILIAS BENEFICIADAS: <\/strong>64<\/p>\n<div class=\"su-divider su-divider-style-double\" style=\"margin:25px 0;border-width:6px;border-color:#31c63f\"><\/div>\n<p><strong>NOMBRE:\u00a0<\/strong>Apoyo para la instalaci\u00f3n de filtros purificadores del agua.<\/p>\n<p><strong>LOCALIZACI\u00d3N:\u00a0<\/strong>Municipios de Villanueva, Curit\u00ed y Jord\u00e1n en el Departamento de Santander.<\/p>\n<p><strong>FAMILIAS BENEFICIADAS: <\/strong>515<\/p>\n<div class=\"su-divider su-divider-style-double\" style=\"margin:25px 0;border-width:6px;border-color:#31c63f\"><\/div>\n<p><strong>NOMBRE:\u00a0<\/strong>Apoyo a la capacitaci\u00f3n y participaci\u00f3n en BPA, BPC y emprendimiento a productores de tabaco.<\/p>\n<p><strong>LOCALIZACI\u00d3N:\u00a0<\/strong>Municipios de San Gil, Barichara, Capitanejo, Curit\u00ed, Enciso, San Jos\u00e9 de Miranda y Villanueva.<\/p>\n<p><strong>FAMILIAS BENEFICIADAS:\u00a0<\/strong>175<\/p>\n<div class=\"su-divider su-divider-style-double\" style=\"margin:25px 0;border-width:6px;border-color:#31c63f\"><\/div>\n<p><strong>NOMBRE:\u00a0<\/strong>Construcci\u00f3n VIRS 2013 para tabacaleros.<\/p>\n<p><strong>LOCALIZACI\u00d3N:\u00a0<\/strong>Municipio de Capitanejo y\u00a0Municipio de Villanueva, Dpto de Santander.<\/p>\n<div class=\"su-divider su-divider-style-double\" style=\"margin:25px 0;border-width:6px;border-color:#31c63f\"><\/div>\n<p><strong>NOMBRE:\u00a0<\/strong>Mejoramiento de la producci\u00f3n de carne ovina.<\/p>\n<p><strong>LOCALIZACI\u00d3N:\u00a0<\/strong>Municipios de Charal\u00e1, Ocamonte, P\u00e1ramo y Valle de San Jos\u00e9.<\/p>\n<div class=\"su-divider su-divider-style-double\" style=\"margin:25px 0;border-width:6px;border-color:#31c63f\"><\/div>\n<p><strong>NOMBRE:\u00a0<\/strong>Fortalecimiento para participaci\u00f3n del Departamento de Santander en eventos agropecuarios.<\/p>\n<p><strong>LOCALIZACI\u00d3N:\u00a0<\/strong>Departamento de Santander.<\/p>\n<p><strong>FAMILIAS BENEFICIADAS:<\/strong> 150<\/p>\n<div class=\"su-divider su-divider-style-double\" style=\"margin:25px 0;border-width:6px;border-color:#31c63f\"><\/div>\n<p><strong>NOMBRE:\u00a0<\/strong>Implementaci\u00f3n programa de seguridad alimentaria.<\/p>\n<p><strong>LOCALIZACI\u00d3N:\u00a0<\/strong>Municipios de Curit\u00ed, Oiba, Pinchote y Vetas.<\/p>\n<p><strong>FAMILIAS BENEFICIADAS: <\/strong>320<\/p>\n<div class=\"su-divider su-divider-style-double\" style=\"margin:25px 0;border-width:6px;border-color:#31c63f\"><\/div>\n<p><strong>NOMBRE:<\/strong>\u00a0Gerencia integral Casanare.<\/p>\n<p><strong>LOCALIZACI\u00d3N:\u00a0<\/strong>Departamento de Casanare.<\/p>\n<p><strong>FAMILIAS BENEFICIADAS:\u00a0<\/strong>45<\/p>\n<div class=\"su-divider su-divider-style-double\" style=\"margin:25px 0;border-width:6px;border-color:#31c63f\"><\/div>\n<p><strong>NOMBRE:\u00a0<\/strong>Gerencia integral Guaviare.<\/p>\n<p><strong>LOCALIZACI\u00d3N:\u00a0<\/strong>Departamento de Guaviare.<\/p>\n<p><strong>FAMILIAS BENEFICIADAS: <\/strong>18<\/p>\n<div class=\"su-divider su-divider-style-double\" style=\"margin:25px 0;border-width:6px;border-color:#31c63f\"><\/div>\n<p><strong>NOMBRE:\u00a0<\/strong>Gerencia integral Norte de Santander.<\/p>\n<p><strong>LOCALIZACI\u00d3N:\u00a0<\/strong>Departamento de Norte de Santander.<\/p>\n<p><strong>FAMILIAS BENEFICIADAS: <\/strong>17<\/p>\n<div class=\"su-divider su-divider-style-double\" style=\"margin:25px 0;border-width:6px;border-color:#31c63f\"><\/div>\n<p><strong>NOMBRE:\u00a0<\/strong>Gerencia integral Vichada.<\/p>\n<p><strong>LOCALIZACI\u00d3N:\u00a0<\/strong>Departamento de Vichada.<\/p>\n<p><strong>FAMILIAS BENEFICIADAS:\u00a0<\/strong>145<\/p>\n<div class=\"su-divider su-divider-style-double\" style=\"margin:25px 0;border-width:6px;border-color:#31c63f\"><\/div>\n<p><strong>NOMBRE:\u00a0<\/strong>Convenio Cabuyaro.<\/p>\n<p><strong>LOCALIZACI\u00d3N:\u00a0<\/strong>Municipio Cabuyaro, Dpto de Meta.<\/p>\n<p><strong>FAMILIAS BENEFICIADAS: <\/strong>66<\/p>\n<div class=\"su-divider su-divider-style-double\" style=\"margin:25px 0;border-width:6px;border-color:#31c63f\"><\/div>\n<p><strong>NOMBRE:<\/strong>\u00a0Convenios San Antonio.<\/p>\n<p><strong>LOCALIZACI\u00d3N:\u00a0<\/strong>Municipio San Antonio, Dpto Tolima.<\/p>\n<div class=\"su-divider su-divider-style-double\" style=\"margin:25px 0;border-width:6px;border-color:#31c63f\"><\/div>\n","protected":false},"excerpt":{"rendered":"<p>NOMBRE:\u00a0Construcci\u00f3n tanque de almacenamiento de agua. LOCALIZACI\u00d3N:\u00a0Municipio Barichara, Vereda Lubigara. FAMILIAS BENEFICIADAS: 780 NOMBRE:\u00a0Construcci\u00f3n de \u00a0tanques para almacenamiento de agua lluvia. LOCALIZACI\u00d3N:\u00a0Municipios de Villanueva, Barichara, Los Santos, Curit\u00ed, San Gil y Aratoca. FAMILIAS BENEFICIADAS: 64 NOMBRE:\u00a0Apoyo para la instalaci\u00f3n de filtros purificadores del agua. LOCALIZACI\u00d3N:\u00a0Municipios de Villanueva, Curit\u00ed y Jord\u00e1n en el Departamento de Santander. [&hellip;]<\/p>\n","protected":false},"author":3,"featured_media":0,"parent":0,"menu_order":0,"comment_status":"closed","ping_status":"closed","template":"","meta":{"footnotes":""},"class_list":["post-501","page","type-page","status-publish","hentry"],"_links":{"self":[{"href":"http:\/\/www.fedetabacofondo.org.co\/home\/wp-json\/wp\/v2\/pages\/501","targetHints":{"allow":["GET"]}}],"collection":[{"href":"http:\/\/www.fedetabacofondo.org.co\/home\/wp-json\/wp\/v2\/pages"}],"about":[{"href":"http:\/\/www.fedetabacofondo.org.co\/home\/wp-json\/wp\/v2\/types\/page"}],"author":[{"embeddable":true,"href":"http:\/\/www.fedetabacofondo.org.co\/home\/wp-json\/wp\/v2\/users\/3"}],"replies":[{"embeddable":true,"href":"http:\/\/www.fedetabacofondo.org.co\/home\/wp-json\/wp\/v2\/comments?post=501"}],"version-history":[{"count":3,"href":"http:\/\/www.fedetabacofondo.org.co\/home\/wp-json\/wp\/v2\/pages\/501\/revisions"}],"predecessor-version":[{"id":505,"href":"http:\/\/www.fedetabacofondo.org.co\/home\/wp-json\/wp\/v2\/pages\/501\/revisions\/505"}],"wp:attachment":[{"href":"http:\/\/www.fedetabacofondo.org.co\/home\/wp-json\/wp\/v2\/media?parent=501"}],"curies":[{"name":"wp","href":"https:\/\/api.w.org\/{rel}","templated":true}]}}