{"id":511,"date":"2015-05-21T20:33:41","date_gmt":"2015-05-21T20:33:41","guid":{"rendered":"http:\/\/www.fedetabacofondo.org.co\/home\/?page_id=511"},"modified":"2015-05-21T20:33:41","modified_gmt":"2015-05-21T20:33:41","slug":"proyectos-2011-fedetabaco","status":"publish","type":"page","link":"http:\/\/www.fedetabacofondo.org.co\/home\/proyectos-2011-fedetabaco\/","title":{"rendered":"Proyectos 2011 &#8211; Fedetabaco"},"content":{"rendered":"<div class=\"su-divider su-divider-style-double\" style=\"margin:25px 0;border-width:6px;border-color:#31c63f\"><\/div>\n<strong>NOMBRE:\u00a0<\/strong>Seguridad alimentaria para la poblaci\u00f3n rural ubicada en \u00e1reas de econom\u00eda campesina No 0701-11<\/p>\n<p><strong>LOCALIZACI\u00d3N:\u00a0<\/strong>Municipios de Cabrera, Molagavita, Aratoca, Barichara, Villanueva, Curiti y Capitanejo\u00a0&#8211;\u00a0Dto de Santander<\/p>\n<p><strong>FAMILIAS BENEFICIADAS:<\/strong>\u00a0191<br \/>\n<div class=\"su-divider su-divider-style-double\" style=\"margin:25px 0;border-width:6px;border-color:#31c63f\"><\/div>\n<strong>NOMBRE:\u00a0<\/strong>Seguridad alimentaria para la poblaci\u00f3n afrocolombiana No 0815-11<\/p>\n<p><strong>LOCALIZACI\u00d3N:\u00a0<\/strong>Municipios de Barrancabermeja, Lebrija, Sabana de Torres, Cimitarra, Puerto Wilches &#8211; Dpto de Santander<\/p>\n<p><strong>FAMILIAS BENEFICIADAS:<\/strong>\u00a0184<br \/>\n<div class=\"su-divider su-divider-style-double\" style=\"margin:25px 0;border-width:6px;border-color:#31c63f\"><\/div>\n<strong>NOMBRE:\u00a0<\/strong>Apoyo a la construcci\u00f3n de 70 jagueyes. No 1028-11<\/p>\n<p><strong>LOCALIZACI\u00d3N:\u00a0<\/strong>Municipios de\u00a0 Barichara, Curiti, Jordan, San Gil y Villanueva -Dpto de Santander<\/p>\n<p><strong>FAMILIAS BENEFICIADAS:<\/strong>\u00a070<br \/>\n<div class=\"su-divider su-divider-style-double\" style=\"margin:25px 0;border-width:6px;border-color:#31c63f\"><\/div>\n<strong>NOMBRE:\u00a0<\/strong>Establecimiento 20 hect\u00e1reas de mandarina. No 0714-11<\/p>\n<p><strong>LOCALIZACI\u00d3N:<\/strong>\u00a0Municipios de Capitanejo, San Jos\u00e9 de Miranda, Enciso, Villanueva y Barichara &#8211; Dpto de Santander<\/p>\n<p><strong>FAMILIAS BENEFICIADAS:<\/strong>\u00a080<br \/>\n<div class=\"su-divider su-divider-style-double\" style=\"margin:25px 0;border-width:6px;border-color:#31c63f\"><\/div>\n<strong>NOMBRE:\u00a0<\/strong>Apoyo a la industrializaci\u00f3n de cultivo de la S\u00e1bila. No 1929-11<\/p>\n<p><strong>LOCALIZACI\u00d3N:\u00a0<\/strong>Municipio de Florian, Dpto de Santander<\/p>\n<p><strong>FAMILIAS BENEFICIADAS:<\/strong>\u00a0250<br \/>\n<div class=\"su-divider su-divider-style-double\" style=\"margin:25px 0;border-width:6px;border-color:#31c63f\"><\/div>\n<strong>NOMBRE:\u00a0<\/strong>Apoyo para\u00a0desarrollar proyectos productivos en \u00e1reas de econom\u00eda campesina. No 0698-11<\/p>\n<p><strong>LOCALIZACI\u00d3N:\u00a0<\/strong>Municipios de Velez, Paramo, La Paz, Enciso, Cimitarra, Puerto Parra, Barbosa, Guavat\u00e1, Barichara, Jesus Mar\u00eda, Piedecuesta, Florian, Bol\u00edvar, La Belleza, Landazuri, El Pe\u00f1on, Simacota, Rionegro, El Playon, El Palmar, Betulia, Guaca, San Andr\u00e9s, Macaravita, Molagavita, Carcasi, Los Santos, Cerrito, Lebrija, Confines, Chima, Guapota, Plamas del Socorro, Simacota, Barrancabermeja, San Vivente de Chucuri, El Carmen de Chucuri, Zapatoca, Puerto Wilches y Sabana de Torres<\/p>\n<p><strong>FAMILIAS BENEFICIADAS:<\/strong>\u00a0&#8211;*&#8211;<br \/>\n<div class=\"su-divider su-divider-style-double\" style=\"margin:25px 0;border-width:6px;border-color:#31c63f\"><\/div>\n<strong>NOMBRE: <\/strong>Asistencia t\u00e9cnica a las organizaciones y peque\u00f1os productores del sector agropecuario. No 1950-11<\/p>\n<p><strong>LOCALIZACI\u00d3N:<\/strong>\u00a0Dpto de Santander<\/p>\n<p><strong>FAMILIAS BENEFICIADAS:<\/strong>\u00a0&#8211;*&#8211;<br \/>\n<div class=\"su-divider su-divider-style-double\" style=\"margin:25px 0;border-width:6px;border-color:#31c63f\"><\/div>\n<strong>NOMBRE:\u00a0<\/strong>Apoyo para la participaci\u00f3n en la gira tecnol\u00f3gica a realizarse en Rep\u00fablica Dominicana. No 0676-11<\/p>\n<p><strong>LOCALIZACI\u00d3N: <\/strong>\u00a0Dpto de Santander<\/p>\n<p><strong>FAMILIAS BENEFICIADAS:<\/strong>\u00a04<br \/>\n<div class=\"su-divider su-divider-style-double\" style=\"margin:25px 0;border-width:6px;border-color:#31c63f\"><\/div>\n<strong>NOMBRE:\u00a0<\/strong>Apoyo realizaci\u00f3n feria tabacalera. No 0301-11<\/p>\n<p><strong>LOCALIZACI\u00d3N:\u00a0<\/strong>Municipio de Giron,\u00a0 Dpto de Santander<\/p>\n<p><strong>FAMILIAS BENEFICIADAS:<\/strong>\u00a0&#8211;*&#8212;<br \/>\n<div class=\"su-divider su-divider-style-double\" style=\"margin:25px 0;border-width:6px;border-color:#31c63f\"><\/div>\n<strong>NOMBRE:\u00a0<\/strong>Apoyo participaci\u00f3n del Departamento en la feria Agroexpo 2011. No 0671-11<\/p>\n<p><strong>LOCALIZACI\u00d3N:\u00a0<\/strong>Departamento de Santander<\/p>\n<p><strong>FAMILIAS BENEFICIADAS:<\/strong>\u00a010<br \/>\n<div class=\"su-divider su-divider-style-double\" style=\"margin:25px 0;border-width:6px;border-color:#31c63f\"><\/div>\n<strong>NOMBRE:\u00a0<\/strong>Transferencia de tecnolog\u00eda y conocimiento para el curado de tabaco Virginia. No 084<\/p>\n<p><strong>LOCALIZACI\u00d3N:\u00a0<\/strong>Municipio de Campoalegre, Dpto del Huila<\/p>\n<p><strong>FAMILIAS BENEFICIADAS:<\/strong>\u00a0100<br \/>\n<div class=\"su-divider su-divider-style-double\" style=\"margin:25px 0;border-width:6px;border-color:#31c63f\"><\/div>\n<strong>NOMBRE:\u00a0<\/strong>Asistencia t\u00e9cnica agropecuaria en\u00a0BPA, BPM, BPG, Asociatividad, Comercializaci\u00f3n y Mercadeo. No 369-11<\/p>\n<p><strong>LOCALIZACI\u00d3N:<\/strong> &#8211;*&#8211;<\/p>\n<p><strong>FAMILIAS BENEFICIADAS:<\/strong>\u00a025<br \/>\n<div class=\"su-divider su-divider-style-double\" style=\"margin:25px 0;border-width:6px;border-color:#31c63f\"><\/div>\n<strong>NOMBRE:\u00a0<\/strong>Encuentro regional ovino-caprino. No 0697-11<\/p>\n<p><strong>LOCALIZACI\u00d3N:\u00a0<\/strong>Municipio de Malaga, Dpto de Santander<\/p>\n<p><strong>FAMILIAS BENEFICIADAS:<\/strong>\u00a0&#8211;*&#8211;<br \/>\n<div class=\"su-divider su-divider-style-double\" style=\"margin:25px 0;border-width:6px;border-color:#31c63f\"><\/div>\n<p><strong>NOMBRE:\u00a0<\/strong>Vivienda rural &#8211; Ola invernal 2010\u00a0&#8211; Santander<\/p>\n<p><strong>LOCALIZACI\u00d3N:\u00a0<\/strong>Municipios de Puerto Wilches y Cimitarra<br \/>\nRionegro, Cerrito, Velez, Oiba, Coromoro, Sabana de Torres, Puerto Parra &#8211; Dpto de Santander<\/p>\n<p><strong>FAMILIAS BENEFICIADAS:<\/strong>\u00a0268<br \/>\n<div class=\"su-divider su-divider-style-double\" style=\"margin:25px 0;border-width:6px;border-color:#31c63f\"><\/div>\n<p><strong>NOMBRE:\u00a0<\/strong>Vivienda rural &#8211; Ola invernal 2010 &#8211; Caldas<\/p>\n<p><strong>LOCALIZACI\u00d3N:\u00a0<\/strong>Municipios de Aguadas, La Dorada, La Merced,\u00a0\u00a0\u00a0\u00a0\u00a0 Manizales, Marmato, Marquetalia,\u00a0\u00a0\u00a0\u00a0\u00a0 Marulanda, Palestina, Pensilvania, Riosucio,\u00a0\u00a0\u00a0\u00a0 Alamina, Samana y Supiam &#8211; Dpto de Caldas<\/p>\n<p><strong>FAMILIAS BENEFICIADAS:<\/strong>\u00a0173<br \/>\n<div class=\"su-divider su-divider-style-double\" style=\"margin:25px 0;border-width:6px;border-color:#31c63f\"><\/div>\n<p><strong>NOMBRE:\u00a0<\/strong>Construcci\u00f3n de 516 viviendas en varias veredas de 18 Municipios del Dpto de Caldas<\/p>\n<p><strong>LOCALIZACI\u00d3N:\u00a0<\/strong>Municipios de Aguadas, Belalcazar, Chichina, Filadelfia, La Dorada, La Merced, Victoria, Manzanares, Marmato, Neira, Pacora, Pensilvania, Riosucio, Risaralda, Samana, San Jos\u00e9 , Supia y Villamar\u00eda &#8211; Dpto de Caldas<\/p>\n<p><strong>FAMILIAS BENEFICIADAS:<\/strong>\u00a0516<br \/>\n<div class=\"su-divider su-divider-style-double\" style=\"margin:25px 0;border-width:6px;border-color:#31c63f\"><\/div>\n<p><strong>NOMBRE:\u00a0<\/strong>Construcci\u00f3n de 38 viviendas de inter\u00e9s social rural en sito propio.<\/p>\n<p><strong>LOCALIZACI\u00d3N:\u00a0<\/strong>Municipio de Fosca, Dpto de Cundinamarca.<\/p>\n<p><strong>FAMILIAS BENEFICIADAS:<\/strong>\u00a038<br \/>\n<div class=\"su-divider su-divider-style-double\" style=\"margin:25px 0;border-width:6px;border-color:#31c63f\"><\/div>\n<p><strong>NOMBRE:\u00a0<\/strong>Construcci\u00f3n de 47 viviendas de inter\u00e9s social rural en sito propio.<\/p>\n<p><strong>LOCALIZACI\u00d3N:\u00a0<\/strong>Municipio de Fomeque, Dpto de Cundinamarca<\/p>\n<p><strong>FAMILIAS BENEFICIADAS:<\/strong>\u00a047<br \/>\n<div class=\"su-divider su-divider-style-double\" style=\"margin:25px 0;border-width:6px;border-color:#31c63f\"><\/div>\n","protected":false},"excerpt":{"rendered":"<p>NOMBRE:\u00a0Seguridad alimentaria para la poblaci\u00f3n rural ubicada en \u00e1reas de econom\u00eda campesina No 0701-11 LOCALIZACI\u00d3N:\u00a0Municipios de Cabrera, Molagavita, Aratoca, Barichara, Villanueva, Curiti y Capitanejo\u00a0&#8211;\u00a0Dto de Santander FAMILIAS BENEFICIADAS:\u00a0191 NOMBRE:\u00a0Seguridad alimentaria para la poblaci\u00f3n afrocolombiana No 0815-11 LOCALIZACI\u00d3N:\u00a0Municipios de Barrancabermeja, Lebrija, Sabana de Torres, Cimitarra, Puerto Wilches &#8211; Dpto de Santander FAMILIAS BENEFICIADAS:\u00a0184 NOMBRE:\u00a0Apoyo a la [&hellip;]<\/p>\n","protected":false},"author":3,"featured_media":0,"parent":0,"menu_order":0,"comment_status":"closed","ping_status":"closed","template":"","meta":{"footnotes":""},"class_list":["post-511","page","type-page","status-publish","hentry"],"_links":{"self":[{"href":"http:\/\/www.fedetabacofondo.org.co\/home\/wp-json\/wp\/v2\/pages\/511","targetHints":{"allow":["GET"]}}],"collection":[{"href":"http:\/\/www.fedetabacofondo.org.co\/home\/wp-json\/wp\/v2\/pages"}],"about":[{"href":"http:\/\/www.fedetabacofondo.org.co\/home\/wp-json\/wp\/v2\/types\/page"}],"author":[{"embeddable":true,"href":"http:\/\/www.fedetabacofondo.org.co\/home\/wp-json\/wp\/v2\/users\/3"}],"replies":[{"embeddable":true,"href":"http:\/\/www.fedetabacofondo.org.co\/home\/wp-json\/wp\/v2\/comments?post=511"}],"version-history":[{"count":1,"href":"http:\/\/www.fedetabacofondo.org.co\/home\/wp-json\/wp\/v2\/pages\/511\/revisions"}],"predecessor-version":[{"id":512,"href":"http:\/\/www.fedetabacofondo.org.co\/home\/wp-json\/wp\/v2\/pages\/511\/revisions\/512"}],"wp:attachment":[{"href":"http:\/\/www.fedetabacofondo.org.co\/home\/wp-json\/wp\/v2\/media?parent=511"}],"curies":[{"name":"wp","href":"https:\/\/api.w.org\/{rel}","templated":true}]}}