{"id":527,"date":"2015-05-21T21:57:49","date_gmt":"2015-05-21T21:57:49","guid":{"rendered":"http:\/\/www.fedetabacofondo.org.co\/home\/?page_id=527"},"modified":"2015-05-24T21:23:11","modified_gmt":"2015-05-24T21:23:11","slug":"proyectos-2011-fnt","status":"publish","type":"page","link":"http:\/\/www.fedetabacofondo.org.co\/home\/proyectos-2011-fnt\/","title":{"rendered":"Proyectos 2011 &#8211; FNT"},"content":{"rendered":"<div class=\"su-divider su-divider-style-double\" style=\"margin:25px 0;border-width:6px;border-color:#31c63f\"><\/div>\n<p><strong>NOMBRE: <\/strong>Construcci\u00f3n de dos represas para el almacenamiento de aguas lluvias para los sistemas de riego en el cultivo del tabaco.<\/p>\n<p><strong>LOCALIZACI\u00d3N:\u00a0<\/strong>Municipio de Campoalegre, Departamento del Huila<\/p>\n<p><strong>FAMILIAS BENEFICIADAS: <\/strong>44<\/p>\n<div class=\"su-divider su-divider-style-double\" style=\"margin:25px 0;border-width:6px;border-color:#31c63f\"><\/div>\n<p><strong>NOMBRE:\u00a0<\/strong>Construcci\u00f3n de \u00a043 unidades sanitarias para las familias tabacaleras.<\/p>\n<p><strong>LOCALIZACI\u00d3N:\u00a0<\/strong>Municipios de Capitanejo, Enciso, Barichara y Villanueva,\u00a0 Departamento de Santander.<\/p>\n<p><strong>FAMILIAS BENEFICIADAS: <\/strong>43<\/p>\n<div class=\"su-divider su-divider-style-double\" style=\"margin:25px 0;border-width:6px;border-color:#31c63f\"><\/div>\n<p><strong>NOMBRE:\u00a0<\/strong>Construcci\u00f3n de 50 tanques para el almacenamiento de aguas lluvias para el consumo de las familias tabacaleras.<\/p>\n<p><strong>LOCALIZACI\u00d3N:\u00a0<\/strong>Municipio de Los Santos, Departamento de Santander.<\/p>\n<p><strong>FAMILIAS BENEFICIADAS: <\/strong>50<\/p>\n<div class=\"su-divider su-divider-style-double\" style=\"margin:25px 0;border-width:6px;border-color:#31c63f\"><\/div>\n<p><strong>NOMBRE:\u00a0<\/strong>Construcci\u00f3n de un tanque de almacenamiento y distribuci\u00f3n de agua para el acueducto de la vereda la pe\u00f1a.<\/p>\n<p><strong>LOCALIZACI\u00d3N:\u00a0<\/strong>Municipio de Curiti, Departamento de Santander.<\/p>\n<p><strong>FAMILIAS BENEFICIADAS: <\/strong>100<\/p>\n<div class=\"su-divider su-divider-style-double\" style=\"margin:25px 0;border-width:6px;border-color:#31c63f\"><\/div>\n<p><strong>NOMBRE:\u00a0<\/strong>Mejoramiento de la infraestructura de 120 caneyes para el secado del tabaco.<\/p>\n<p><strong>LOCALIZACI\u00d3N:\u00a0<\/strong>Municipios de Villanueva, Curiti, San Gil, Barichara y Los Santos, Departamento de Santander.<\/p>\n<p><strong>FAMILIAS BENEFICIADAS: <\/strong>120<\/p>\n<div class=\"su-divider su-divider-style-double\" style=\"margin:25px 0;border-width:6px;border-color:#31c63f\"><\/div>\n<p><strong>NOMBRE:\u00a0A<\/strong>decuaci\u00f3n de la infraestructura f\u00edsica de las bater\u00edas de hornos en la zona tabacalera en el departamento del huila.<\/p>\n<p><strong>LOCALIZACI\u00d3N:\u00a0<\/strong>Municipios de Garz\u00f3n, Altamira, Agrado, Campoalegre y Hobo.<\/p>\n<p><strong>FAMILIAS BENEFICIADAS: <\/strong>77<\/p>\n<div class=\"su-divider su-divider-style-double\" style=\"margin:25px 0;border-width:6px;border-color:#31c63f\"><\/div>\n<p><strong>NOMBRE:\u00a0<\/strong>Mejoramiento de la infraestructura f\u00edsica de los caneyes para el secado del tabaco de las familias cultivadoras.<\/p>\n<p><strong>LOCALIZACI\u00d3N:\u00a0<\/strong>Municipios de Roldanillo, Bol\u00edvar y la Uni\u00f3n, Departamento del Valle del Cauca.<\/p>\n<p><strong>FAMILIAS BENEFICIADAS: <\/strong>&#8211;*&#8211;<\/p>\n<div class=\"su-divider su-divider-style-double\" style=\"margin:25px 0;border-width:6px;border-color:#31c63f\"><\/div>\n<p><strong>NOMBRE:\u00a0<\/strong>Desarrollo de tecnolog\u00eda para la sustituci\u00f3n de hornos de curado de tabaco virginia y medici\u00f3n del consumo de combustible de carb\u00f3n y madera.<\/p>\n<p><strong>LOCALIZACI\u00d3N:\u00a0<\/strong>&#8211;*&#8211;<\/p>\n<p><strong>FAMILIAS BENEFICIADAS:\u00a0<\/strong>&#8211;*&#8211;<\/p>\n<div class=\"su-divider su-divider-style-double\" style=\"margin:25px 0;border-width:6px;border-color:#31c63f\"><\/div>\n<p><strong>NOMBRE:\u00a0<\/strong>Construcci\u00f3n de 131 biodigestores tipo chino permanentes\u00a0 para las familias tabacaleras.<\/p>\n<p><strong>LOCALIZACI\u00d3N:\u00a0<\/strong>Municipios de Villanueva, Barichara, Curiti, San Gil, Aratoca, Los Santos, Capitanejo, Enciso, Macaravita y San Miguel en el Departamento de Santander y en el Municipio de Abrego en el Departamento de Norte de Santander.<\/p>\n<p><strong>FAMILIAS BENEFICIADAS: <\/strong>131<\/p>\n<div class=\"su-divider su-divider-style-double\" style=\"margin:25px 0;border-width:6px;border-color:#31c63f\"><\/div>\n<p><strong>NOMBRE: <\/strong>Elaboraci\u00f3n de un sistema de informaci\u00f3n del subsector tabacalero en Colombia.<\/p>\n<p><strong>LOCALIZACI\u00d3N: <\/strong>&#8211;*&#8211;<\/p>\n<p><strong>FAMILIAS BENEFICIADAS: <\/strong>&#8211;*&#8211;<\/p>\n<div class=\"su-divider su-divider-style-double\" style=\"margin:25px 0;border-width:6px;border-color:#31c63f\"><\/div>\n<p>&nbsp;<\/p>\n","protected":false},"excerpt":{"rendered":"<p>NOMBRE: Construcci\u00f3n de dos represas para el almacenamiento de aguas lluvias para los sistemas de riego en el cultivo del tabaco. LOCALIZACI\u00d3N:\u00a0Municipio de Campoalegre, Departamento del Huila FAMILIAS BENEFICIADAS: 44 NOMBRE:\u00a0Construcci\u00f3n de \u00a043 unidades sanitarias para las familias tabacaleras. LOCALIZACI\u00d3N:\u00a0Municipios de Capitanejo, Enciso, Barichara y Villanueva,\u00a0 Departamento de Santander. FAMILIAS BENEFICIADAS: 43 NOMBRE:\u00a0Construcci\u00f3n de 50 [&hellip;]<\/p>\n","protected":false},"author":3,"featured_media":0,"parent":0,"menu_order":0,"comment_status":"closed","ping_status":"closed","template":"","meta":{"footnotes":""},"class_list":["post-527","page","type-page","status-publish","hentry"],"_links":{"self":[{"href":"http:\/\/www.fedetabacofondo.org.co\/home\/wp-json\/wp\/v2\/pages\/527","targetHints":{"allow":["GET"]}}],"collection":[{"href":"http:\/\/www.fedetabacofondo.org.co\/home\/wp-json\/wp\/v2\/pages"}],"about":[{"href":"http:\/\/www.fedetabacofondo.org.co\/home\/wp-json\/wp\/v2\/types\/page"}],"author":[{"embeddable":true,"href":"http:\/\/www.fedetabacofondo.org.co\/home\/wp-json\/wp\/v2\/users\/3"}],"replies":[{"embeddable":true,"href":"http:\/\/www.fedetabacofondo.org.co\/home\/wp-json\/wp\/v2\/comments?post=527"}],"version-history":[{"count":4,"href":"http:\/\/www.fedetabacofondo.org.co\/home\/wp-json\/wp\/v2\/pages\/527\/revisions"}],"predecessor-version":[{"id":538,"href":"http:\/\/www.fedetabacofondo.org.co\/home\/wp-json\/wp\/v2\/pages\/527\/revisions\/538"}],"wp:attachment":[{"href":"http:\/\/www.fedetabacofondo.org.co\/home\/wp-json\/wp\/v2\/media?parent=527"}],"curies":[{"name":"wp","href":"https:\/\/api.w.org\/{rel}","templated":true}]}}