{"id":53,"date":"2015-05-05T17:02:27","date_gmt":"2015-05-05T17:02:27","guid":{"rendered":"http:\/\/www.fedetabacofondo.org.co\/home\/?page_id=53"},"modified":"2015-06-11T22:54:45","modified_gmt":"2015-06-11T22:54:45","slug":"objetivosfnt","status":"publish","type":"page","link":"http:\/\/www.fedetabacofondo.org.co\/home\/objetivosfnt\/","title":{"rendered":"Quienes Somos &#8211; FNT"},"content":{"rendered":"<p style=\"text-align: left;\"><img loading=\"lazy\" decoding=\"async\" class=\"alignleft wp-image-718 \" src=\"http:\/\/www.fedetabacofondo.org.co\/home\/wp-content\/uploads\/2015\/05\/mision1.png\" alt=\"mision1\" width=\"114\" height=\"166\" \/><br \/>\nGenerar en el Subsector tabacalero procesos de desarrollo sostenible, mediante la concertaci\u00f3n, coofinanciaci\u00f3n y la realizaci\u00f3n de Alianzas Estrat\u00e9gicas, con entidades p\u00fablicas y privadas del orden local, regional, nacional e internacional.<\/p>\n<h3 style=\"text-align: center;\"><a href=\"http:\/\/www.fedetabacofondo.org.co\/home\/wp-content\/uploads\/2015\/05\/vision1.png\"><img loading=\"lazy\" decoding=\"async\" class=\"  wp-image-719 alignright\" src=\"http:\/\/www.fedetabacofondo.org.co\/home\/wp-content\/uploads\/2015\/05\/vision1.png\" alt=\"vision1\" width=\"119\" height=\"174\" \/><\/a><\/h3>\n<p style=\"text-align: center;\">.<\/p>\n<p style=\"text-align: right;\">\nHaber logrado la reivindicaci\u00f3n econ\u00f3mica, social y cultural de las comunidades tabacaleras, dentro de un contexto local, nacional e internacional, soportado en la Planificaci\u00f3n y Planeaci\u00f3n a corto, mediano y largo plazo de todas las inversiones.<\/p>\n<h3 style=\"text-align: center;\"><\/h3>\n<h3 style=\"text-align: center;\"><\/h3>\n<h3 style=\"text-align: center;\"><strong>Objetivos<\/strong><\/h3>\n<p>&nbsp;<\/p>\n<p>La Ley 534 que cre\u00f3 el Fondo en su Art\u00edculo 7 establece los fines de la cuota.<\/p>\n<div class=\"su-list su-list-style-\">\n<ul>\n<li><i class=\"fa fa-leaf\" style=\"color:#2d7443\"><\/i> Inversi\u00f3n en infraestructura f\u00edsica y social complementaria en las zonas tabacaleras, como sistemas de peque\u00f1a irrigaci\u00f3n, reservorios de agua, electrificaci\u00f3n rural, mejoramiento de vivienda rural y acueductos rurales.<\/li>\n<li><i class=\"fa fa-leaf\" style=\"color:#2d7443\"><\/i> Promoci\u00f3n de cooperativas de doble v\u00eda, centros de acopio, cuyo objeto social sea beneficiar a los productores y organizaciones de productores de tabaco.<\/li>\n<li><i class=\"fa fa-leaf\" style=\"color:#2d7443\"><\/i> Investigaci\u00f3n, asistencia t\u00e9cnica y transferencia de tecnolog\u00eda y capacitaci\u00f3n de los productores de tabaco para la Modernizaci\u00f3n y Diversificaci\u00f3n del cultivo.<\/li>\n<li><i class=\"fa fa-leaf\" style=\"color:#2d7443\"><\/i> Apoyo a programas de reforestaci\u00f3n y protecci\u00f3n de microcuencas.<\/li>\n<li><i class=\"fa fa-leaf\" style=\"color:#2d7443\"><\/i> Programas de modernizaci\u00f3n y diversificaci\u00f3n del cultivo del tabaco.<\/li>\n<li><i class=\"fa fa-leaf\" style=\"color:#2d7443\"><\/i> Apoyo a la comercializaci\u00f3n de tabaco y otros productos econom\u00eda campesina.<\/li>\n<li><i class=\"fa fa-leaf\" style=\"color:#2d7443\"><\/i> Los dem\u00e1s que por sugerencia y conveniencia, los productores de tabaco a trav\u00e9s de las organizaciones de tabacaleros crean necesarios para mejorar el nivel de vida.<\/li>\n<\/ul>\n<\/div>\n","protected":false},"excerpt":{"rendered":"<p>Generar en el Subsector tabacalero procesos de desarrollo sostenible, mediante la concertaci\u00f3n, coofinanciaci\u00f3n y la realizaci\u00f3n de Alianzas Estrat\u00e9gicas, con entidades p\u00fablicas y privadas del orden local, regional, nacional e internacional. . Haber logrado la reivindicaci\u00f3n econ\u00f3mica, social y cultural de las comunidades tabacaleras, dentro de un contexto local, nacional e internacional, soportado en la [&hellip;]<\/p>\n","protected":false},"author":3,"featured_media":0,"parent":0,"menu_order":0,"comment_status":"closed","ping_status":"closed","template":"","meta":{"footnotes":""},"class_list":["post-53","page","type-page","status-publish","hentry"],"_links":{"self":[{"href":"http:\/\/www.fedetabacofondo.org.co\/home\/wp-json\/wp\/v2\/pages\/53","targetHints":{"allow":["GET"]}}],"collection":[{"href":"http:\/\/www.fedetabacofondo.org.co\/home\/wp-json\/wp\/v2\/pages"}],"about":[{"href":"http:\/\/www.fedetabacofondo.org.co\/home\/wp-json\/wp\/v2\/types\/page"}],"author":[{"embeddable":true,"href":"http:\/\/www.fedetabacofondo.org.co\/home\/wp-json\/wp\/v2\/users\/3"}],"replies":[{"embeddable":true,"href":"http:\/\/www.fedetabacofondo.org.co\/home\/wp-json\/wp\/v2\/comments?post=53"}],"version-history":[{"count":26,"href":"http:\/\/www.fedetabacofondo.org.co\/home\/wp-json\/wp\/v2\/pages\/53\/revisions"}],"predecessor-version":[{"id":725,"href":"http:\/\/www.fedetabacofondo.org.co\/home\/wp-json\/wp\/v2\/pages\/53\/revisions\/725"}],"wp:attachment":[{"href":"http:\/\/www.fedetabacofondo.org.co\/home\/wp-json\/wp\/v2\/media?parent=53"}],"curies":[{"name":"wp","href":"https:\/\/api.w.org\/{rel}","templated":true}]}}