{"id":745,"date":"2022-01-25T03:44:53","date_gmt":"2022-01-25T03:44:53","guid":{"rendered":"http:\/\/www.fedetabacofondo.org.co\/home\/?page_id=745"},"modified":"2022-09-28T22:27:38","modified_gmt":"2022-09-28T22:27:38","slug":"ley-de-transparencia","status":"publish","type":"page","link":"http:\/\/www.fedetabacofondo.org.co\/home\/ley-de-transparencia\/","title":{"rendered":"Ley de Transparencia"},"content":{"rendered":"<p>La Ley de Transparencia tiene por objeto regular el derecho de acceso a la informaci\u00f3n p\u00fablica, los procedimientos para el ejercicio y garant\u00eda del derecho y las excepciones a la publicidad de la informaci\u00f3n.<\/p>\n<div class=\"su-tabs su-tabs-style-default 1\" data-active=\"2\"><div class=\"su-tabs-nav\"><span class=\"\" data-url=\"\" data-target=\"blank\">Ley 1716 del 6 Marzo 2014<\/span><span class=\"\" data-url=\"\" data-target=\"blank\">Decreto 0103 del 20 Enero 2015<\/span><\/div><div class=\"su-tabs-panes\"><div class=\"su-tabs-pane su-clearfix\">\n<div class=\"su-document su-responsive-media-yes\"><iframe loading=\"lazy\" src=\"\/\/docs.google.com\/viewer?embedded=true&url=http:\/\/www.fedetabacofondo.org.co\/home\/wp-content\/uploads\/2015\/09\/Ley-1716-del-6-Marzo-2014.pdf\" width=\"900\" height=\"1600\" class=\"su-document\"><\/iframe><\/div>\n<div class=\"su-button-center\"><a href=\"http:\/\/www.fedetabacofondo.org.co\/home\/wp-content\/uploads\/2015\/09\/Ley-1716-del-6-Marzo-2014.pdf\" class=\"su-button su-button-style-flat\" style=\"color:#000000;background-color:#469346;border-color:#387638;border-radius:5px;-moz-border-radius:5px;-webkit-border-radius:5px\" target=\"_blank\"><span style=\"color:#000000;padding:6px 16px;font-size:13px;line-height:20px;border-color:#7eb37e;border-radius:5px;-moz-border-radius:5px;-webkit-border-radius:5px;text-shadow:0px 0px 7px #ffffff;-moz-text-shadow:0px 0px 7px #ffffff;-webkit-text-shadow:0px 0px 7px #ffffff\"><i class=\"fa fa-download\" style=\"font-size:13px;color:#000000\"><\/i> DESCARGAR<\/span><\/a><\/div>\n<\/div>\n<div class=\"su-tabs-pane su-clearfix\">\n<div class=\"su-document su-responsive-media-yes\"><iframe loading=\"lazy\" src=\"\/\/docs.google.com\/viewer?embedded=true&url=http:\/\/www.fedetabacofondo.org.co\/home\/wp-content\/uploads\/2015\/09\/Decreto-0103-del-20-Enero-2015.pdf\" width=\"900\" height=\"1600\" class=\"su-document\"><\/iframe><\/div>\n<div class=\"su-button-center\"><a href=\"http:\/\/www.fedetabacofondo.org.co\/home\/wp-content\/uploads\/2015\/09\/Decreto-0103-del-20-Enero-2015.pdf\" class=\"su-button su-button-style-flat\" style=\"color:#000000;background-color:#469346;border-color:#387638;border-radius:5px;-moz-border-radius:5px;-webkit-border-radius:5px\" target=\"_blank\"><span style=\"color:#000000;padding:6px 16px;font-size:13px;line-height:20px;border-color:#7eb37e;border-radius:5px;-moz-border-radius:5px;-webkit-border-radius:5px;text-shadow:0px 0px 7px #ffffff;-moz-text-shadow:0px 0px 7px #ffffff;-webkit-text-shadow:0px 0px 7px #ffffff\"><i class=\"fa fa-download\" style=\"font-size:13px;color:#000000\"><\/i> DESCARGAR<\/span><\/a><\/div>\u00a0<\/div><\/div><\/div>\n[\/su_tab]  [\/su_tabs]\u00a0[\/su_tabs]\n<div class=\"su-accordion 1\"><div class=\"su-accordion\"><\/div><div class=\"su-accordion\"><\/div> \u00a0<div class=\"su-spoiler su-spoiler-style-fancy su-spoiler-icon-plus su-spoiler-closed\"><div class=\"su-spoiler-title\"><span class=\"su-spoiler-icon\"><\/span><strong>1<\/strong><b>. INFORMACI\u00d3N INSTITUCIONAL<\/b><\/div><div class=\"su-spoiler-content su-clearfix\" style=\"display:none\">\n<p><a href=\"http:\/\/www.fedetabacofondo.org.co\/home\/wp-content\/uploads\/2016\/05\/ORGA-VISION-MISION-OBJT-FINES-1.pdf\">Organigrama, Misi\u00f3n, Visi\u00f3n, Objetivos, Fines de la Cuota y Mapa Tabacalero<\/a><\/p>\n<\/div><\/div><div class=\"su-accordion 1\"><\/div><div class=\"su-accordion\"><\/div> \u00a0<div class=\"su-spoiler su-spoiler-style-fancy su-spoiler-icon-plus su-spoiler-closed\"><div class=\"su-spoiler-title\"><span class=\"su-spoiler-icon\"><\/span><strong>2<\/strong><b>. <\/b><b>INFORMACI\u00d3N M\u00cdNIMA OBLIGATORIA<\/b><\/div><div class=\"su-spoiler-content su-clearfix\" style=\"display:none\">\n<p><b>Descripci\u00f3n de la estructura org\u00e1nica y deberes<\/b><\/p>\n<p><a href=\"http:\/\/www.fedetabacofondo.org.co\/home\/wp-content\/uploads\/2015\/09\/Manual-de-Funciones-del-FNT.pdf\" target=\"_blank\">Manual de Funciones del FNT<\/a><b><br \/>\n<\/b><\/p>\n<p><a href=\"http:\/\/www.fedetabacofondo.org.co\/home\/wp-content\/uploads\/2015\/09\/MANUAL-DE-CONTRATACION.pdf\" target=\"_blank\">Manual de Contrataci\u00f3n\u00a0<\/a><\/p>\n<p><a href=\"http:\/\/www.fedetabacofondo.org.co\/home\/ley-de-transparencia\/relacion-personal-de-planta-fnt-2022\/\" rel=\"attachment wp-att-2149\">Relaci\u00f3n Personal de planta FNT- 2022<\/a><\/p>\n<p><a href=\"http:\/\/www.fedetabacofondo.org.co\/home\/ley-de-transparencia\/relacion-personal-de-planta-fnt-2021\/\" rel=\"attachment wp-att-2147\">Relaci\u00f3n Personal de planta FNT- 2021<\/a><\/p>\n<p><a href=\"http:\/\/www.fedetabacofondo.org.co\/home\/ley-de-transparencia\/relacion-personal-de-planta-fnt-2020\/\" rel=\"attachment wp-att-2145\">Relaci\u00f3n Personal de planta FNT- 2020<\/a><\/p>\n<p><a href=\"http:\/\/www.fedetabacofondo.org.co\/home\/ley-de-transparencia\/relacion-personal-de-planta-fnt-2019\/\" rel=\"attachment wp-att-2143\">Relaci\u00f3n Personal de planta FNT- 2019<\/a><\/p>\n<p><a href=\"http:\/\/www.fedetabacofondo.org.co\/home\/ley-de-transparencia\/relacion-personal-de-planta-fnt-2018\/\" rel=\"attachment wp-att-2141\">Relaci\u00f3n Personal de planta FNT- 2018<\/a><\/p>\n<p><a href=\"http:\/\/www.fedetabacofondo.org.co\/home\/wp-content\/uploads\/2016\/05\/Relaci\u00f3n-Personal-de-planta-FNT-2017.pdf\">Relaci\u00f3n Personal de planta FNT- 2017<\/a><\/p>\n<p><a href=\"http:\/\/www.fedetabacofondo.org.co\/home\/wp-content\/uploads\/2016\/05\/Relaci\u00f3n-Personal-de-planta-FNT-2016.pdf\">Relaci\u00f3n Personal de Planta FNT-2016<\/a><\/p>\n<p><a href=\"http:\/\/www.fedetabacofondo.org.co\/home\/wp-content\/uploads\/2015\/09\/Relaci\u00f3n-Personal-de-planta-FNT-2015.pdf\" target=\"_blank\">Relaci\u00f3n Personal de planta \u00a0FNT- 2015<\/a><\/p>\n<p><b>Ubicaci\u00f3n de sus sedes y horarios de atenci\u00f3n<\/b><\/p>\n<p><a href=\"http:\/\/www.fedetabacofondo.org.co\/home\/wp-content\/uploads\/2015\/09\/circular-informativa-sede.pdf\" target=\"_blank\">Circular Informativa Sede<\/a><br \/>\n<\/div><\/div><div class=\"su-accordion 1\"><\/div><div class=\"su-accordion\"><\/div> \u00a0<div class=\"su-spoiler su-spoiler-style-fancy su-spoiler-icon-plus su-spoiler-closed\"><div class=\"su-spoiler-title\"><span class=\"su-spoiler-icon\"><\/span><strong>3<\/strong><b>. PRESUPUESTO GENERAL ASIGNADO<\/b><\/div><div class=\"su-spoiler-content su-clearfix\" style=\"display:none\">\n<p><a href=\"http:\/\/www.fedetabacofondo.org.co\/home\/ley-de-transparencia\/ejecucion-presupuestal-de-ingresos-vigencia-2021\/\" rel=\"attachment wp-att-2139\">Ejecuci\u00f3n presupuestal de Ingresos vigencia 2021<\/a><\/p>\n<p><a href=\"http:\/\/www.fedetabacofondo.org.co\/home\/ley-de-transparencia\/ejecucion-presupuestal-de-gastos-e-inversiones-vigencia-2021\/\" rel=\"attachment wp-att-2137\">Ejecuci\u00f3n presupuestal de Gastos e Inversiones vigencia 2021<\/a><\/p>\n<p><a href=\"http:\/\/www.fedetabacofondo.org.co\/home\/ley-de-transparencia\/ejecucion-presupuestal-de-gastos-e-inversiones-vigencia-2020\/\" rel=\"attachment wp-att-2135\">Ejecuci\u00f3n presupuestal de gastos e inversiones vigencia 2020<\/a><\/p>\n<p><a href=\"http:\/\/www.fedetabacofondo.org.co\/home\/ley-de-transparencia\/ejecucion-presupuestal-de-ingresos-vigencia-2020\/\" rel=\"attachment wp-att-2133\">Ejecuci\u00f3n presupuestal de ingresos vigencia 2020<\/a><\/p>\n<p><a href=\"http:\/\/www.fedetabacofondo.org.co\/home\/ley-de-transparencia\/ejecucion-presupuestal-de-ingresos-vigencia-2019\/\" rel=\"attachment wp-att-2131\">Ejecuci\u00f3n presupuestal de ingresos vigencia 2019<\/a><\/p>\n<p><a href=\"http:\/\/www.fedetabacofondo.org.co\/home\/ley-de-transparencia\/ejecucion-presupuestal-de-gastos-e-inversiones-vigencia-2019\/\" rel=\"attachment wp-att-2129\">Ejecuci\u00f3n presupuestal de gastos e inversiones vigencia 2019<\/a><\/p>\n<p><a href=\"http:\/\/www.fedetabacofondo.org.co\/home\/ley-de-transparencia\/ejecucion-presupuestal-de-ingresos-vigencia-2018\/\" rel=\"attachment wp-att-2127\">Ejecuci\u00f3n Presupuestal de Ingresos vigencia 2018<\/a><\/p>\n<p><a href=\"http:\/\/www.fedetabacofondo.org.co\/home\/ley-de-transparencia\/ejecucion-presupuestal-de-gastos-e-inversion-vigencia-2018\/\" rel=\"attachment wp-att-2124\">Ejecuci\u00f3n presupuestal del gastos e Inversiones vigencia 2018<\/a><\/p>\n<p><a href=\"http:\/\/www.fedetabacofondo.org.co\/home\/wp-content\/uploads\/2016\/05\/Presupuesto-de-ingresos-a\u00f1o-2017.pdf\">Presupuesto de ingresos a\u00f1o 2017<\/a><\/p>\n<p><a href=\"http:\/\/www.fedetabacofondo.org.co\/home\/wp-content\/uploads\/2016\/05\/Ejecuci\u00f3n-presupuestal-Ingresos-a-marzo-de-2016.pdf\">Presupuesto de Ingresos a\u00f1o 2016<\/a><\/p>\n<p><a href=\"http:\/\/www.fedetabacofondo.org.co\/home\/wp-content\/uploads\/2016\/05\/Ejecuci\u00f3n-Presupuestal-de-Ingresos-a-Marzo-de-2017.pdf\">Ejecuci\u00f3n Presupuestal de Ingresos a Marzo de 2017<\/a><\/p>\n<p><a href=\"http:\/\/www.fedetabacofondo.org.co\/home\/wp-content\/uploads\/2016\/05\/Ejecuci\u00f3n-presupuestal-Ingresos-a-marzo-de-2016.pdf\">Ejecuci\u00f3n Presupuestal Ingreso a Marzo 2016<\/a><\/p>\n<p><a href=\"http:\/\/www.fedetabacofondo.org.co\/home\/wp-content\/uploads\/2016\/05\/ejecucion-presupuestal-de-Gastos-e-Inversiones-a-Marzo-2018.pdf\">ejecucion Presupuestal de Gastos e Inversiones a Marzo 2018<\/a><\/p>\n<p><a href=\"http:\/\/www.fedetabacofondo.org.co\/home\/wp-content\/uploads\/2016\/05\/Ejecuci\u00f3n-Presupuestal-de-gastos-e-inversiones-vigencia-a-Diciembre-2017.pdf\">Ejecuci\u00f3n Presupuestal de Gastos e Inversiones\u00a0 a Diciembre 2017<\/a><\/p>\n<p><a href=\"http:\/\/www.fedetabacofondo.org.co\/home\/wp-content\/uploads\/2016\/05\/Ejecuci\u00f3n-Presupuestal-de-Gastos-e-Inversiones-Marzo-de-2017.pdf\">Ejecuci\u00f3n Presupuestal de Gastos e Inversiones Marzo de 2017<\/a><\/p>\n<p><a href=\"http:\/\/www.fedetabacofondo.org.co\/home\/wp-content\/uploads\/2016\/05\/Ejecuci\u00f3n-presupuestal-de-gastos-e-inversi\u00f3n-a-marzo-de-2016.pdf\">Ejecuci\u00f3n presupuestal de Gastos e Inversion a Marzo 2016<\/a><\/p>\n<p><a href=\"http:\/\/www.fedetabacofondo.org.co\/home\/wp-content\/uploads\/2016\/04\/Presupuesto-de-ingresos-2015.pdf\">Presupuesto de Ingresos a\u00f1o 2015<\/a><\/p>\n<p><a href=\"http:\/\/www.fedetabacofondo.org.co\/home\/wp-content\/uploads\/2016\/05\/Presupuesto-de-gastos-e-inversi\u00f3n-vigencia-2016.pdf\">Presupuesto de Gastos e Iinversi\u00f3nVigencia 2016<\/a><\/p>\n<p><a href=\"http:\/\/www.fedetabacofondo.org.co\/home\/wp-content\/uploads\/2016\/04\/Presupuesto-de-gastos-e-inversion-2015.pdf\">Presupuesto de gastos e Inversion a\u00f1o 2015<\/a><\/p>\n<p><a href=\"http:\/\/www.fedetabacofondo.org.co\/home\/wp-content\/uploads\/2016\/04\/Ejecuci\u00f3n-presupuestal-Gastos-de-inversi\u00f3n-2015.pdf\">Ejecuci\u00f3n Presupuestal Gastos de inversion A\u00f1o 2015<\/a><\/p>\n<p><a href=\"http:\/\/www.fedetabacofondo.org.co\/home\/wp-content\/uploads\/2016\/04\/Ejecuci\u00f3n-de-Ingresos-vigencia-2015.pdf\" target=\"_blank\">Ejecuci\u00f3n Presupuestal de Ingresos A\u00f1o 2015<\/a><\/p>\n<p><a href=\"http:\/\/www.fedetabacofondo.org.co\/home\/wp-content\/uploads\/2015\/09\/Ejecucion-presupuestal-de-gastos-e-inversiones-a\u00f1o-2014.pdf\" target=\"_blank\">Ejecuci\u00f3n Presupuestal de Gastos e Inversiones A\u00f1o 2014<\/a><\/p>\n<p><a href=\"http:\/\/www.fedetabacofondo.org.co\/home\/wp-content\/uploads\/2015\/09\/Ejecucion-presupuestal-de-ingresos-a\u00f1o-2014.pdf\" target=\"_blank\">Ejecuci\u00f3n Presupuestal de Ingresos A\u00f1o 2014<\/a><br \/>\n<\/div><\/div><div class=\"su-accordion 1\"><\/div><div class=\"su-accordion\"><\/div> \u00a0<div class=\"su-spoiler su-spoiler-style-fancy su-spoiler-icon-plus su-spoiler-closed\"><div class=\"su-spoiler-title\"><span class=\"su-spoiler-icon\"><\/span><strong>4<\/strong><b>. PROYECTOS Y PLANES A DESARROLLAR<\/b><\/div><div class=\"su-spoiler-content su-clearfix\" style=\"display:none\">\n<b>Proyectos y planes a desarrollar A\u00f1o 2015<\/b><\/p>\n<p><a href=\"http:\/\/www.fedetabacofondo.org.co\/home\/wp-content\/uploads\/2015\/09\/Proyectos-de-Inversi\u00f3n-2015.pdf\" target=\"_blank\">Proyectos de Inversi\u00f3n 2015<\/a><\/p>\n<p><a href=\"http:\/\/www.fedetabacofondo.org.co\/home\/ley-de-transparencia\/plan-de-ingresos-gastos-e-inversiones-fnt-2022\/\" rel=\"attachment wp-att-2162\">PLAN DE INGRESOS, GASTOS E INVERSIONES FNT 2022<\/a><\/p>\n<p><a href=\"http:\/\/www.fedetabacofondo.org.co\/home\/ley-de-transparencia\/plan-de-ingresos-gastos-e-inversiones-fnt-2021\/\" rel=\"attachment wp-att-2160\">PLAN DE INGRESOS, GASTOS E INVERSIONES FNT 2021<\/a><\/p>\n<p><a href=\"http:\/\/www.fedetabacofondo.org.co\/home\/ley-de-transparencia\/plan-de-ingresos-gastos-e-inversiones-fnt-2020\/\" rel=\"attachment wp-att-2158\">PLAN DE INGRESOS, GASTOS E INVERSIONES FNT 2020<\/a><\/p>\n<p><a href=\"http:\/\/www.fedetabacofondo.org.co\/home\/ley-de-transparencia\/plan-de-ingresos-gastos-e-inversiones-2019\/\" rel=\"attachment wp-att-2156\">PLAN DE INGRESOS, GASTOS E INVERSIONES 2019<\/a><\/p>\n<p><a href=\"http:\/\/www.fedetabacofondo.org.co\/home\/ley-de-transparencia\/plan-de-ingresos-gastos-e-inversiones-2018\/\" rel=\"attachment wp-att-2154\">PLAN DE INGRESOS, GASTOS E INVERSIONES 2018<\/a><\/p>\n<p><a href=\"http:\/\/www.fedetabacofondo.org.co\/home\/ley-de-transparencia\/plan-de-ingresos-gastos-e-inversiones-2017\/\" rel=\"attachment wp-att-2152\">PLAN DE INGRESOS, GASTOS E INVERSIONES 2017<\/a><\/p>\n<p><a href=\"http:\/\/www.fedetabacofondo.org.co\/home\/wp-content\/uploads\/2016\/05\/Plan-de-Inversion-2016.pdf\">Plan de Inversi\u00f3n 2016<\/a><\/p>\n<p><a href=\"http:\/\/www.fedetabacofondo.org.co\/home\/wp-content\/uploads\/2015\/09\/PLANES-Y-PROGRAMAS-2015.pdf\" target=\"_blank\">Planes y Programas\u00a02015<\/a><\/p>\n<p><b>Proyectos y planes a desarrollar A\u00f1o 2014<\/b><\/p>\n<p><a href=\"http:\/\/www.fedetabacofondo.org.co\/home\/wp-content\/uploads\/2015\/09\/Proyectos-de-inversi\u00f3n-a\u00f1o-2014.pdf\" target=\"_blank\">Proyectos de Inversi\u00f3n 2014<\/a><\/p>\n<p><b>Informe Plan Estrat\u00e9gico y Gesti\u00f3n.<\/b><\/p>\n<p><a href=\"http:\/\/www.fedetabacofondo.org.co\/home\/wp-content\/uploads\/2015\/09\/Plan-Estrategico-2014-2015.pdf\" target=\"_blank\">Plan Estrat\u00e9gico 2014 &#8211; 2015\u00a0<\/a><\/p>\n<\/div><\/div><div class=\"su-accordion 1\"><\/div><div class=\"su-accordion\"><\/div> \u00a0<div class=\"su-spoiler su-spoiler-style-fancy su-spoiler-icon-plus su-spoiler-closed\"><div class=\"su-spoiler-title\"><span class=\"su-spoiler-icon\"><\/span><strong>5<\/strong><b>. INDICADORES DE GESTI\u00d3N<\/b><\/div><div class=\"su-spoiler-content su-clearfix\" style=\"display:none\">\n<b>Indicadores trimestrales y anuales<\/b><\/p>\n<p><a href=\"http:\/\/www.fedetabacofondo.org.co\/home\/wp-content\/uploads\/2016\/05\/Matriz-de-Indicadores-marzo-de-2017.pdf\">Matriz de Indicadores Marzo \u00a02017<\/a><\/p>\n<p><a href=\"http:\/\/www.fedetabacofondo.org.co\/home\/wp-content\/uploads\/2016\/05\/Matriz-Inidicadores-marzo-de-2016.pdf\">Matriz de Indicadores de 2016<\/a><\/p>\n<p><a href=\"http:\/\/www.fedetabacofondo.org.co\/home\/wp-content\/uploads\/2016\/04\/Indicadores-a-diciembre-de-2015.pdf\">Matriz de Indicadores Diciembre 31 de 2015<\/a><\/p>\n<p><a href=\"http:\/\/www.fedetabacofondo.org.co\/home\/wp-content\/uploads\/2015\/09\/Matriz-de-indicadores-diciembre-31-de-2014.pdf\" target=\"_blank\">Matriz de indicadores Diciembre 31 de 2014<\/a><\/p>\n<\/div><\/div><div class=\"su-accordion 1\"><\/div><div class=\"su-accordion\"><\/div> \u00a0<div class=\"su-spoiler su-spoiler-style-fancy su-spoiler-icon-plus su-spoiler-closed\"><div class=\"su-spoiler-title\"><span class=\"su-spoiler-icon\"><\/span><strong>6<\/strong><b>. DIRECTORIO CONTRATO DE PRESTACI\u00d3N DE SERVICIOS<\/b><\/div><div class=\"su-spoiler-content su-clearfix\" style=\"display:none\">\n<b>Relaci\u00f3n de contratos personas naturales y jur\u00eddicas.<\/b><\/p>\n<p><a href=\"http:\/\/www.fedetabacofondo.org.co\/home\/wp-content\/uploads\/2016\/05\/Contratos-FNT-a-marzo-de-2017.pdf\">Contratos FNT- a marzo de 2017<\/a><\/p>\n<p><a href=\"http:\/\/www.fedetabacofondo.org.co\/home\/wp-content\/uploads\/2016\/05\/Contratos-FNT-diciembre-de-20161.pdf\">Contratos FNT- diciembre de 2016<\/a><\/p>\n<p><a href=\"http:\/\/www.fedetabacofondo.org.co\/home\/wp-content\/uploads\/2016\/05\/Contratos-FNT-Marzo-31-de-2016.pdf\">Contratos FNT a Marzo de 2016<\/a><\/p>\n<p><a href=\"http:\/\/www.fedetabacofondo.org.co\/home\/wp-content\/uploads\/2016\/04\/Contratos-FNT-2015.pdf\">Contratos FNT- 2015<\/a><\/p>\n<p><a href=\"http:\/\/www.fedetabacofondo.org.co\/home\/wp-content\/uploads\/2015\/09\/Contratos-FNT-2014.pdf\" target=\"_blank\">Contratos FNT- 2014<\/a><\/p>\n<\/div><\/div><div class=\"su-accordion 1\"><\/div><div class=\"su-accordion\"><\/div> \u00a0<div class=\"su-spoiler su-spoiler-style-fancy su-spoiler-icon-plus su-spoiler-closed\"><div class=\"su-spoiler-title\"><span class=\"su-spoiler-icon\"><\/span><strong>7<\/strong><b>. RESULTADO DE LAS AUDITORIAS<\/b><\/div><div class=\"su-spoiler-content su-clearfix\" style=\"display:none\">\n<b>Informes anual y trimestral de las auditoria<\/b><\/p>\n<p><a href=\"http:\/\/www.fedetabacofondo.org.co\/home\/wp-content\/uploads\/2016\/05\/INFORME-DE-AUDITORIA-2017.pdf\">Informe Auditoria Tabaco 2017<\/a><\/p>\n<p><a href=\"http:\/\/www.fedetabacofondo.org.co\/home\/wp-content\/uploads\/2016\/05\/Informe-Auditoria-Tabaco-2016-.pdf\">Informe Auditoria Tabaco 2016<\/a><\/p>\n<p><a href=\"http:\/\/www.fedetabacofondo.org.co\/home\/wp-content\/uploads\/2016\/04\/Informe-Audirtoria-Tabaco-2015.pdf\">Informe Auditoria Tabaco 2015<\/a><\/p>\n<p><a href=\"http:\/\/www.fedetabacofondo.org.co\/home\/wp-content\/uploads\/2015\/09\/Inf.-Auditoria-Tabaco-2014.pdf\" target=\"_blank\">Informe Auditoria Tabaco 2014<\/a><\/p>\n<\/div><\/div><div class=\"su-accordion 1\"><\/div><div class=\"su-accordion\"><\/div> \u00a0<div class=\"su-spoiler su-spoiler-style-fancy su-spoiler-icon-plus su-spoiler-closed\"><div class=\"su-spoiler-title\"><span class=\"su-spoiler-icon\"><\/span><strong>8<\/strong><b>. DESCRIPCI\u00d3N DE PROCEDIMIENTOS Y LINEAMIENTOS<\/b><\/div><div class=\"su-spoiler-content su-clearfix\" style=\"display:none\">\n<b>Procedimientos y lineamientos.<\/b><\/p>\n<\/div><\/div>\n<div class=\"su-accordion 1\"><\/div><div class=\"su-accordion\"><\/div> \u00a0<div class=\"su-spoiler su-spoiler-style-fancy su-spoiler-icon-plus su-spoiler-closed\"><div class=\"su-spoiler-title\"><span class=\"su-spoiler-icon\"><\/span><strong>9<\/strong><b>. PETICIONES, SOLICITUDES, QUEJAS Y RECLAMOS<\/b><\/div><div class=\"su-spoiler-content su-clearfix\" style=\"display:none\">\n<b>Solicitud de quejas y reclamos<\/b><\/p>\n<p><a href=\"http:\/\/www.fedetabacofondo.org.co\/home\/wp-content\/uploads\/2015\/09\/circular-informativa-quejas-y-reclamos.pdf\" target=\"_blank\">Circular Informativa Quejas y Reclamos<\/a><\/p>\n<\/div><\/div><div class=\"su-accordion 1\"><\/div><div class=\"su-accordion\"><\/div> \u00a0<div class=\"su-spoiler su-spoiler-style-fancy su-spoiler-icon-plus su-spoiler-closed\"><div class=\"su-spoiler-title\"><span class=\"su-spoiler-icon\"><\/span>10<b>. REGISTRO DE PUBLICACIONES<\/b><\/div><div class=\"su-spoiler-content su-clearfix\" style=\"display:none\">\n<b>Registro de la informaci\u00f3n publicada.<\/b><\/p>\n<p><a href=\"http:\/\/www.fedetabacofondo.org.co\/home\/wp-content\/uploads\/2016\/05\/REGISTRO-DE-PUBLICACIONES2.pdf\" target=\"_blank\">Registro y Publicaciones<\/a><\/p>\n<\/div><\/div><div class=\"su-accordion 1\"><\/div><div class=\"su-accordion\"><\/div> \u00a0<div class=\"su-spoiler su-spoiler-style-fancy su-spoiler-icon-plus su-spoiler-closed\"><div class=\"su-spoiler-title\"><span class=\"su-spoiler-icon\"><\/span><strong>11<\/strong><b>. GESTI\u00d3N DOCUMENTAL<\/b><\/div><div class=\"su-spoiler-content su-clearfix\" style=\"display:none\">\n<b>Normatividad y procedimiento<\/b><\/p>\n<p><a href=\"http:\/\/www.fedetabacofondo.org.co\/home\/wp-content\/uploads\/2016\/05\/POL\u00cdTICA-DE-PROTECCI\u00d3N-DE-DATOS-PERSONALES.pdf\">POL\u00cdTICA DE PROTECCI\u00d3N DE DATOS PERSONALES<\/a><\/p>\n<p><a href=\"http:\/\/www.fedetabacofondo.org.co\/home\/wp-content\/uploads\/2016\/05\/DECRETO-1074-DEL-26-DE-MAYO-DE-2015.pdf\">DECRETO 1074 DEL 26 DE MAYO DE 2015<\/a><\/p>\n<p><a href=\"http:\/\/www.fedetabacofondo.org.co\/home\/wp-content\/uploads\/2016\/05\/DECRETO-1377-DEL-27-DE-JUNIO-DE-2013.pdf\">DECRETO 1377 DEL 27 DE JUNIO DE 2013<\/a><\/p>\n<p><a href=\"http:\/\/www.fedetabacofondo.org.co\/home\/wp-content\/uploads\/2016\/05\/LEY-TRATAMIENTO-1581DE-2012-.pdf\">LEY TRATAMIENTO PROTECCION DATOS 1581DE 2012<\/a><\/p>\n<p><a href=\"http:\/\/www.fedetabacofondo.org.co\/home\/wp-content\/uploads\/2016\/05\/DECRETO-2609-DE-2012.pdf\">DECRETO 2609-2019 Reglamentario de la LEY 594 -2000<\/a><\/p>\n<p><a href=\"http:\/\/www.fedetabacofondo.org.co\/home\/wp-content\/uploads\/2016\/05\/ACTA-001-COMITE-DE-ARCHIVO-2017.pdf\">ACTA 001 COMITE DE ARCHIVO -2017<\/a><\/p>\n<p><a href=\"http:\/\/www.fedetabacofondo.org.co\/home\/wp-content\/uploads\/2016\/05\/ACTA-002-CONFORMACION-TABLAS-DE-RTN-DOCUMENTAL-2017.pdf\">ACTA 002 CONFORMACION TABLAS DE RTN DOCUMENTAL-2017<\/a><\/p>\n<p><b>Tablas de retenci\u00f3n documental<\/b><\/p>\n<p><b>Cuadro clasificaci\u00f3n documental<\/b><\/p>\n<p><b>Inventario archivo de gesti\u00f3n<\/b><\/p>\n<p><b>Inventario archivo central<\/b><\/p>\n<p><b>Esquema de publicaci\u00f3n<\/b><\/p>\n<p>REGISTRO DE PUBLICACIONES<\/p>\n<p><a href=\"http:\/\/www.fedetabacofondo.org.co\/home\/wp-content\/uploads\/2016\/05\/REGISTRO-DE-PUBLICACIONES.pdf\">REGISTRO DE PUBLICACIONES<\/a><\/p>\n<p><a href=\"http:\/\/www.fedetabacofondo.org.co\/home\/wp-content\/uploads\/2016\/05\/TABLA-ADMINISTRADOR.pdf\">TABLA ADMINISTRADOR<\/a><\/p>\n<\/div><\/div><\/div>\n<p>&nbsp;<\/p>\n<p>&nbsp;<\/p>\n","protected":false},"excerpt":{"rendered":"<p>La Ley de Transparencia tiene por objeto regular el derecho de acceso a la informaci\u00f3n p\u00fablica, los procedimientos para el ejercicio y garant\u00eda del derecho y las excepciones a la publicidad de la informaci\u00f3n. [\/su_tab] [\/su_tabs]\u00a0[\/su_tabs] &nbsp; &nbsp;<\/p>\n","protected":false},"author":3,"featured_media":0,"parent":0,"menu_order":0,"comment_status":"closed","ping_status":"closed","template":"","meta":{"footnotes":""},"class_list":["post-745","page","type-page","status-publish","hentry"],"_links":{"self":[{"href":"http:\/\/www.fedetabacofondo.org.co\/home\/wp-json\/wp\/v2\/pages\/745","targetHints":{"allow":["GET"]}}],"collection":[{"href":"http:\/\/www.fedetabacofondo.org.co\/home\/wp-json\/wp\/v2\/pages"}],"about":[{"href":"http:\/\/www.fedetabacofondo.org.co\/home\/wp-json\/wp\/v2\/types\/page"}],"author":[{"embeddable":true,"href":"http:\/\/www.fedetabacofondo.org.co\/home\/wp-json\/wp\/v2\/users\/3"}],"replies":[{"embeddable":true,"href":"http:\/\/www.fedetabacofondo.org.co\/home\/wp-json\/wp\/v2\/comments?post=745"}],"version-history":[{"count":118,"href":"http:\/\/www.fedetabacofondo.org.co\/home\/wp-json\/wp\/v2\/pages\/745\/revisions"}],"predecessor-version":[{"id":837,"href":"http:\/\/www.fedetabacofondo.org.co\/home\/wp-json\/wp\/v2\/pages\/745\/revisions\/837"}],"wp:attachment":[{"href":"http:\/\/www.fedetabacofondo.org.co\/home\/wp-json\/wp\/v2\/media?parent=745"}],"curies":[{"name":"wp","href":"https:\/\/api.w.org\/{rel}","templated":true}]}}